{"id":558,"date":"2014-05-20T00:00:00","date_gmt":"2014-05-19T23:00:00","guid":{"rendered":"http:\/\/www.it-service-leipzig.com\/?page_id=558"},"modified":"2023-07-24T13:52:31","modified_gmt":"2023-07-24T12:52:31","slug":"aktuelle-gebrauchtgeraete","status":"publish","type":"page","link":"https:\/\/www.it-service-leipzig.com\/?page_id=558","title":{"rendered":"<font color=\"0167AF\">Aktuelle Gebrauchtger\u00e4te<\/font>"},"content":{"rendered":"<div id=\"classiwrapper\">\n    \n        <div class=\"uiwelcome\"><img src=\"https:\/\/www.it-service-leipzig.com\/wp-content\/uploads\/2014\/10\/de.png\" alt=\"deutsch\"> Die aufgef\u00fchrten Gebrauchtger\u00e4te und -komponenten werden auf der Basis \"Zwischenverkauf vorbehalten\" angeboten. Es besteht kein Anspruch auf Verf\u00fcgbarkeit. Der Artikelpreis ist jeweils Verhandlungsbasis (VB). Auf Anfrage unterbreiten wir Ihnen gern ein entsprechendes Angebot. Verwenden Sie f\u00fcr Ihre Anfrage den \"Verk\u00e4ufer kontaktieren\"-Link des jeweiligen Artikels.  F\u00fcr alle Gesch\u00e4ftsvorg\u00e4nge gelten die Allgemeinen Gesch\u00e4ftsbedingungen der IT-Service Leipzig GmbH. <br>  <br> <img src=\"https:\/\/www.it-service-leipzig.com\/wp-content\/uploads\/2014\/10\/gb.png\" alt=\"English\"> The listed second hand units and items are offered \"subject to prior sale\". There will be no guarantee for the availability of the items. Price basis for all articles is always \"asking price\". We are gladly prepared to quote you the item price on application. Please use the \"contact seller\" link of the respective article for this purpose. For all business procedures the general terms and conditions of IT-Service Leipzig GmbH apply.<\/div>\n    \n        <div class=\"awpcp-classifieds-search-bar\" data-breakpoints='{\"tiny\": [0,450]}' data-breakpoints-class-prefix=\"awpcp-classifieds-search-bar\">\n    <form action=\"https:\/\/www.it-service-leipzig.com\/?page_id=567\" method=\"get\">\n                    <input type=\"hidden\" name=\"page_id\" value=\"567\" \/>\n                <input type=\"hidden\" name=\"awpcp-step\" value=\"dosearch\" \/>\n        <div class=\"awpcp-classifieds-search-bar--query-field\">\n            <label class=\"screen-reader-text\" for=\"awpcp-search-query-field\">Suche nach:<\/label>\n            <input id=\"awpcp-search-query-field\" type=\"text\" name=\"keywordphrase\" \/>\n        <\/div>\n        <div class=\"awpcp-classifieds-search-bar--submit-button\">\n            <input class=\"button\" type=\"submit\" value=\"Suche in Anzeigen\" \/>\n        <\/div>\n        <div class=\"awpcp-classifieds-search-bar--advanced-search-link\"><a href=\"https:\/\/www.it-service-leipzig.com\/?page_id=567\">Erweiterte Suche <\/a><\/div>\n    <\/form>\n<\/div>\n<ul class=\"awpcp-classifieds-menu awpcp-clearfix\" data-breakpoints='{\"tiny\": [0,400], \"small\": [400,500]}' data-breakpoints-class-prefix=\"awpcp-classifieds-menu\">\n<\/ul>\n    \n    <form class=\"awpcp-category-switcher\" method=\"post\" action=\"https:\/\/www.it-service-leipzig.com\/?page_id=565\">\n        <input type=\"hidden\" name=\"offset\" value=\"0\" \/>\n    \n    <div class=\"awpcp-category-dropdown-container\">\n        <label class=\"awpcp-category-dropdown-label\" for=\"awpcp-category-dropdown-69e497c68d121\">Kategorie<\/label>\n\n\n<select id=\"awpcp-category-dropdown-69e497c68d121\" class=\"awpcp-category-dropdown awpcp-dropdown \" name=\"awpcp_category_id\" data-hash=\"69e497c68d121\" placeholder=\"Alle Kategorien\" data-auto=\"auto\" style=\"width: 100%\">\n        <option class=\"awpcp-dropdown-placeholder\">Alle Kategorien<\/option>\n        <option class=\"dropdownparentcategory\" value=\"78\">Filmentwicklung<\/option><option class=\"\" value=\"85\">&nbsp;&nbsp;&nbsp;Entwicklungsmaschinen<\/option><option class=\"\" value=\"86\">&nbsp;&nbsp;&nbsp;Filmbetrachter<\/option><option class=\"\" value=\"84\">&nbsp;&nbsp;&nbsp;Filmtrockner<\/option><option class=\"dropdownparentcategory\" value=\"79\">Industrie-R\u00f6ntgenanlagen<\/option><option class=\"\" value=\"88\">&nbsp;&nbsp;&nbsp;mobil<\/option><option class=\"\" value=\"87\">&nbsp;&nbsp;&nbsp;station\u00e4r<\/option><option class=\"\" value=\"89\">&nbsp;&nbsp;&nbsp;tragbar<\/option><option class=\"dropdownparentcategory\" value=\"81\">Isotopentechnik<\/option><option class=\"\" value=\"99\">&nbsp;&nbsp;&nbsp;Arbeitsger\u00e4te<\/option><option class=\"\" value=\"101\">&nbsp;&nbsp;&nbsp;Gamma-Molch<\/option><option class=\"\" value=\"100\">&nbsp;&nbsp;&nbsp;Zubeh\u00f6r<\/option><option class=\"dropdownparentcategory\" value=\"80\">R\u00f6ntgen, Einzelkomponenten<\/option><option class=\"\" value=\"91\">&nbsp;&nbsp;&nbsp;Generatoren<\/option><option class=\"\" value=\"93\">&nbsp;&nbsp;&nbsp;Hochspannungskabel<\/option><option class=\"\" value=\"92\">&nbsp;&nbsp;&nbsp;K\u00fchlaggregate<\/option><option class=\"\" value=\"95\">&nbsp;&nbsp;&nbsp;Netzkabel<\/option><option class=\"\" value=\"97\">&nbsp;&nbsp;&nbsp;R\u00f6ntgenr\u00f6hren<\/option><option class=\"\" value=\"96\">&nbsp;&nbsp;&nbsp;Sonstige<\/option><option class=\"\" value=\"94\">&nbsp;&nbsp;&nbsp;Steuerkabel<\/option><option class=\"\" value=\"90\">&nbsp;&nbsp;&nbsp;Steuerpulte<\/option><option class=\"\" value=\"98\">&nbsp;&nbsp;&nbsp;Strahlenschutz<\/option><option class=\"dropdownparentcategory\" value=\"110\">R\u00f6ntgensystem<\/option><option class=\"dropdownparentcategory\" value=\"83\">Sonstige<\/option><option class=\"\" value=\"106\">&nbsp;&nbsp;&nbsp;Belichtungsmessger\u00e4t<\/option><option class=\"\" value=\"108\">&nbsp;&nbsp;&nbsp;CR-System<\/option><option class=\"\" value=\"107\">&nbsp;&nbsp;&nbsp;Jochmagnete<\/option><option class=\"\" value=\"109\">&nbsp;&nbsp;&nbsp;Personendosimeter<\/option><option class=\"\" value=\"105\">&nbsp;&nbsp;&nbsp;Rauhigkeitsmessger\u00e4t<\/option><option class=\"dropdownparentcategory\" value=\"82\">Ultraschallger\u00e4te<\/option><option class=\"\" value=\"103\">&nbsp;&nbsp;&nbsp;Krautkr\u00e4mer<\/option><option class=\"\" value=\"104\">&nbsp;&nbsp;&nbsp;SONDERAKTION<\/option><option class=\"\" value=\"102\">&nbsp;&nbsp;&nbsp;Zubeh\u00f6r<\/option><\/select>\n\n\n<script type=\"text\/javascript\">var categories_69e497c68d121 = {\"mode\":\"basic\",\"select2\":{\"containerCssClass\":\"awpcp-category-dropdown-selection\",\"dropdownCssClass\":\"awpcp-category-dropdown-options\",\"allowClear\":true,\"placeholder\":\"Alle Kategorien\",\"maximumSelectionLength\":100},\"selectedCategoriesIds\":[],\"categoriesHierarchy\":{\"root\":[{\"term_id\":78,\"name\":\"Filmentwicklung\",\"slug\":\"filmentwicklung\",\"term_group\":0,\"term_taxonomy_id\":78,\"taxonomy\":\"awpcp_listing_category\",\"description\":\"\",\"parent\":0,\"count\":0,\"filter\":\"raw\",\"term_order\":\"0\"},{\"term_id\":79,\"name\":\"Industrie-R\\u00f6ntgenanlagen\",\"slug\":\"industrie-roentgenanlagen\",\"term_group\":0,\"term_taxonomy_id\":79,\"taxonomy\":\"awpcp_listing_category\",\"description\":\"\",\"parent\":0,\"count\":0,\"filter\":\"raw\",\"term_order\":\"0\"},{\"term_id\":81,\"name\":\"Isotopentechnik\",\"slug\":\"isotopentechnik\",\"term_group\":0,\"term_taxonomy_id\":81,\"taxonomy\":\"awpcp_listing_category\",\"description\":\"\",\"parent\":0,\"count\":0,\"filter\":\"raw\",\"term_order\":\"0\"},{\"term_id\":80,\"name\":\"R\\u00f6ntgen, Einzelkomponenten\",\"slug\":\"roentgen-einzelkomponenten\",\"term_group\":0,\"term_taxonomy_id\":80,\"taxonomy\":\"awpcp_listing_category\",\"description\":\"\",\"parent\":0,\"count\":0,\"filter\":\"raw\",\"term_order\":\"0\"},{\"term_id\":110,\"name\":\"R\\u00f6ntgensystem\",\"slug\":\"roentgensystem\",\"term_group\":0,\"term_taxonomy_id\":110,\"taxonomy\":\"awpcp_listing_category\",\"description\":\"\",\"parent\":0,\"count\":0,\"filter\":\"raw\",\"term_order\":\"0\"},{\"term_id\":83,\"name\":\"Sonstige\",\"slug\":\"sonstige\",\"term_group\":0,\"term_taxonomy_id\":83,\"taxonomy\":\"awpcp_listing_category\",\"description\":\"\",\"parent\":0,\"count\":0,\"filter\":\"raw\",\"term_order\":\"0\"},{\"term_id\":82,\"name\":\"Ultraschallger\\u00e4te\",\"slug\":\"ultraschallgeraete\",\"term_group\":0,\"term_taxonomy_id\":82,\"taxonomy\":\"awpcp_listing_category\",\"description\":\"\",\"parent\":0,\"count\":0,\"filter\":\"raw\",\"term_order\":\"0\"}],\"81\":[{\"term_id\":99,\"name\":\"Arbeitsger\\u00e4te\",\"slug\":\"arbeitsgeraete\",\"term_group\":0,\"term_taxonomy_id\":99,\"taxonomy\":\"awpcp_listing_category\",\"description\":\"\",\"parent\":81,\"count\":5,\"filter\":\"raw\",\"term_order\":\"0\"},{\"term_id\":101,\"name\":\"Gamma-Molch\",\"slug\":\"gamma-molch\",\"term_group\":0,\"term_taxonomy_id\":101,\"taxonomy\":\"awpcp_listing_category\",\"description\":\"\",\"parent\":81,\"count\":3,\"filter\":\"raw\",\"term_order\":\"0\"},{\"term_id\":100,\"name\":\"Zubeh\\u00f6r\",\"slug\":\"isotopentechnik-zubehoer\",\"term_group\":0,\"term_taxonomy_id\":100,\"taxonomy\":\"awpcp_listing_category\",\"description\":\"\",\"parent\":81,\"count\":0,\"filter\":\"raw\",\"term_order\":\"0\"}],\"83\":[{\"term_id\":106,\"name\":\"Belichtungsmessger\\u00e4t\",\"slug\":\"belichtungsmessgeraet\",\"term_group\":0,\"term_taxonomy_id\":106,\"taxonomy\":\"awpcp_listing_category\",\"description\":\"\",\"parent\":83,\"count\":0,\"filter\":\"raw\",\"term_order\":\"0\"},{\"term_id\":108,\"name\":\"CR-System\",\"slug\":\"cr-system\",\"term_group\":0,\"term_taxonomy_id\":108,\"taxonomy\":\"awpcp_listing_category\",\"description\":\"\",\"parent\":83,\"count\":0,\"filter\":\"raw\",\"term_order\":\"0\"},{\"term_id\":107,\"name\":\"Jochmagnete\",\"slug\":\"jochmagnete\",\"term_group\":0,\"term_taxonomy_id\":107,\"taxonomy\":\"awpcp_listing_category\",\"description\":\"\",\"parent\":83,\"count\":0,\"filter\":\"raw\",\"term_order\":\"0\"},{\"term_id\":109,\"name\":\"Personendosimeter\",\"slug\":\"personendosimeter\",\"term_group\":0,\"term_taxonomy_id\":109,\"taxonomy\":\"awpcp_listing_category\",\"description\":\"\",\"parent\":83,\"count\":0,\"filter\":\"raw\",\"term_order\":\"0\"},{\"term_id\":105,\"name\":\"Rauhigkeitsmessger\\u00e4t\",\"slug\":\"rauhigkeitsmessgeraet\",\"term_group\":0,\"term_taxonomy_id\":105,\"taxonomy\":\"awpcp_listing_category\",\"description\":\"\",\"parent\":83,\"count\":0,\"filter\":\"raw\",\"term_order\":\"0\"}],\"78\":[{\"term_id\":85,\"name\":\"Entwicklungsmaschinen\",\"slug\":\"entwicklungsmaschinen\",\"term_group\":0,\"term_taxonomy_id\":85,\"taxonomy\":\"awpcp_listing_category\",\"description\":\"\",\"parent\":78,\"count\":0,\"filter\":\"raw\",\"term_order\":\"0\"},{\"term_id\":86,\"name\":\"Filmbetrachter\",\"slug\":\"filmbetrachter\",\"term_group\":0,\"term_taxonomy_id\":86,\"taxonomy\":\"awpcp_listing_category\",\"description\":\"\",\"parent\":78,\"count\":0,\"filter\":\"raw\",\"term_order\":\"0\"},{\"term_id\":84,\"name\":\"Filmtrockner\",\"slug\":\"filmtrockner\",\"term_group\":0,\"term_taxonomy_id\":84,\"taxonomy\":\"awpcp_listing_category\",\"description\":\"\",\"parent\":78,\"count\":0,\"filter\":\"raw\",\"term_order\":\"0\"}],\"80\":[{\"term_id\":91,\"name\":\"Generatoren\",\"slug\":\"generatoren\",\"term_group\":0,\"term_taxonomy_id\":91,\"taxonomy\":\"awpcp_listing_category\",\"description\":\"\",\"parent\":80,\"count\":0,\"filter\":\"raw\",\"term_order\":\"0\"},{\"term_id\":93,\"name\":\"Hochspannungskabel\",\"slug\":\"hochspannungskabel\",\"term_group\":0,\"term_taxonomy_id\":93,\"taxonomy\":\"awpcp_listing_category\",\"description\":\"\",\"parent\":80,\"count\":0,\"filter\":\"raw\",\"term_order\":\"0\"},{\"term_id\":92,\"name\":\"K\\u00fchlaggregate\",\"slug\":\"kuehlaggregate\",\"term_group\":0,\"term_taxonomy_id\":92,\"taxonomy\":\"awpcp_listing_category\",\"description\":\"\",\"parent\":80,\"count\":0,\"filter\":\"raw\",\"term_order\":\"0\"},{\"term_id\":95,\"name\":\"Netzkabel\",\"slug\":\"netzkabel\",\"term_group\":0,\"term_taxonomy_id\":95,\"taxonomy\":\"awpcp_listing_category\",\"description\":\"\",\"parent\":80,\"count\":0,\"filter\":\"raw\",\"term_order\":\"0\"},{\"term_id\":97,\"name\":\"R\\u00f6ntgenr\\u00f6hren\",\"slug\":\"roentgenroehren\",\"term_group\":0,\"term_taxonomy_id\":97,\"taxonomy\":\"awpcp_listing_category\",\"description\":\"\",\"parent\":80,\"count\":0,\"filter\":\"raw\",\"term_order\":\"0\"},{\"term_id\":96,\"name\":\"Sonstige\",\"slug\":\"roentgen-einzelkomponenten-sonstige\",\"term_group\":0,\"term_taxonomy_id\":96,\"taxonomy\":\"awpcp_listing_category\",\"description\":\"\",\"parent\":80,\"count\":0,\"filter\":\"raw\",\"term_order\":\"0\"},{\"term_id\":94,\"name\":\"Steuerkabel\",\"slug\":\"steuerkabel\",\"term_group\":0,\"term_taxonomy_id\":94,\"taxonomy\":\"awpcp_listing_category\",\"description\":\"\",\"parent\":80,\"count\":0,\"filter\":\"raw\",\"term_order\":\"0\"},{\"term_id\":90,\"name\":\"Steuerpulte\",\"slug\":\"steuerpulte\",\"term_group\":0,\"term_taxonomy_id\":90,\"taxonomy\":\"awpcp_listing_category\",\"description\":\"\",\"parent\":80,\"count\":0,\"filter\":\"raw\",\"term_order\":\"0\"},{\"term_id\":98,\"name\":\"Strahlenschutz\",\"slug\":\"strahlenschutz\",\"term_group\":0,\"term_taxonomy_id\":98,\"taxonomy\":\"awpcp_listing_category\",\"description\":\"\",\"parent\":80,\"count\":0,\"filter\":\"raw\",\"term_order\":\"0\"}],\"82\":[{\"term_id\":103,\"name\":\"Krautkr\\u00e4mer\",\"slug\":\"krautkraemer\",\"term_group\":0,\"term_taxonomy_id\":103,\"taxonomy\":\"awpcp_listing_category\",\"description\":\"\",\"parent\":82,\"count\":0,\"filter\":\"raw\",\"term_order\":\"0\"},{\"term_id\":104,\"name\":\"SONDERAKTION\",\"slug\":\"sonderaktion\",\"term_group\":0,\"term_taxonomy_id\":104,\"taxonomy\":\"awpcp_listing_category\",\"description\":\"\",\"parent\":82,\"count\":0,\"filter\":\"raw\",\"term_order\":\"0\"},{\"term_id\":102,\"name\":\"Zubeh\\u00f6r\",\"slug\":\"ultraschallgeraete-zubehoer\",\"term_group\":0,\"term_taxonomy_id\":102,\"taxonomy\":\"awpcp_listing_category\",\"description\":\"\",\"parent\":82,\"count\":0,\"filter\":\"raw\",\"term_order\":\"0\"}],\"79\":[{\"term_id\":88,\"name\":\"mobil\",\"slug\":\"mobil\",\"term_group\":0,\"term_taxonomy_id\":88,\"taxonomy\":\"awpcp_listing_category\",\"description\":\"\",\"parent\":79,\"count\":0,\"filter\":\"raw\",\"term_order\":\"0\"},{\"term_id\":87,\"name\":\"station\\u00e4r\",\"slug\":\"stationaer\",\"term_group\":0,\"term_taxonomy_id\":87,\"taxonomy\":\"awpcp_listing_category\",\"description\":\"\",\"parent\":79,\"count\":0,\"filter\":\"raw\",\"term_order\":\"0\"},{\"term_id\":89,\"name\":\"tragbar\",\"slug\":\"tragbar\",\"term_group\":0,\"term_taxonomy_id\":89,\"taxonomy\":\"awpcp_listing_category\",\"description\":\"\",\"parent\":79,\"count\":0,\"filter\":\"raw\",\"term_order\":\"0\"}]},\"paymentTerms\":[],\"subcategoryLabel\":\"W\\u00e4hlen Sie eine Unterkategorie\"};<\/script>\n    <\/div>\n<\/form>\n    <div class=\"awpcp-pagination pager\">\n        <div class=\"awpcp-pagination-links\"><span class=\"awpcp-pagination-summary\">Seite 1 von 2<\/span><span class=\"awpcp-pagination-links--link\">1<\/span><a class=\"awpcp-pagination-links--link\" href=\"https:\/\/www.it-service-leipzig.com\/index.php?rest_route=%2Fwp%2Fv2%2Fpages%2F558&#038;offset=5&#038;results=5\">2<\/a><\/div>\n    \n    <\/div>\n    \n    <div class=\"awpcp-listings awpcp-clearboth\">\n                    <div class=\"displayaditemseven $isfeaturedclass\">\r\n\t\t\t\t\t\t\t\t<div style=\"width:80px; padding:5px; float:left; margin-right:20px;\">\r\n\t\t\t\t\t\t\t\t\t<a class=\"awpcp-listing-primary-image-listing-link\" href=\"https:\/\/www.it-service-leipzig.com\/?page_id=560&#038;id=2010\"><img width=\"80\" height=\"80\" src=\"https:\/\/www.it-service-leipzig.com\/wp-content\/uploads\/2019\/04\/b3_a-ccf70527-80x80.jpg\" class=\"awpcp-listing-primary-image-thumbnail\" alt=\"Gammagrafie Ger\u00e4t B3 Typ A (Dauerangebot)\" decoding=\"async\" loading=\"lazy\" srcset=\"https:\/\/www.it-service-leipzig.com\/wp-content\/uploads\/2019\/04\/b3_a-ccf70527-80x80.jpg 80w, https:\/\/www.it-service-leipzig.com\/wp-content\/uploads\/2019\/04\/b3_a-ccf70527-125x125.jpg 125w, https:\/\/www.it-service-leipzig.com\/wp-content\/uploads\/2019\/04\/b3_a-ccf70527-200x200.jpg 200w\" sizes=\"(max-width: 80px) 100vw, 80px\" \/><\/a>\r\n\t\t\t\t\t\t\t\t<\/div>\r\n\t\t\t\t\t\t\t\t<div style=\"width:50%; padding:5px; float:left;\">\r\n\t\t\t\t\t\t\t\t\t<h4><a href=\"https:\/\/www.it-service-leipzig.com\/?page_id=560&amp;id=2010\">Gammagrafie Ger\u00e4t B3 Typ A (Dauerangebot)<\/a><\/h4>\r\n\t\t\t\t\t\t\t\t\tGammagrafie Ger\u00e4t B3 Typ A geeignet f\u00fcr die Durchstrahlungspr\u00fcfung von Rohreinschwei\u00dfungen, f\u00fcr Rohrdurchmesser von 16 mm bis 45mm. Beladbar mit&hellip;\r\n\t\t\t\t\t\t\t\t<\/div>\r\n\t\t\t\t\t\t\t\t<div style=\"padding:5px; float:left;\">\r\n\t\t\t\t\t\t\t\t\t09\/01\/2024<br\/>\r\n\t\t\t\t\t\t\t\t\t\r\n\t\t\t\t\t\t\t\t\t\r\n\t\t\t\t\t\t\t\t\tAufrufe: 487<br\/>\r\n\t\t\t\t\t\t\t\t\t\r\n\t\t\t\t\t\t\t\t\t\r\n\t\t\t\t\t\t\t\t<\/div>\r\n\t\t\t\t\t\t\t\t<span class=\"fixfloat\"><\/span>\r\n\t\t\t\t\t\t\t<\/div>\r\n\t\t\t\t\t\t\t<div class=\"fixfloat\"><\/div><div class=\"displayaditemsodd $isfeaturedclass\">\r\n\t\t\t\t\t\t\t\t<div style=\"width:80px; padding:5px; float:left; margin-right:20px;\">\r\n\t\t\t\t\t\t\t\t\t<a class=\"awpcp-listing-primary-image-listing-link\" href=\"https:\/\/www.it-service-leipzig.com\/?page_id=560&#038;id=2012\"><img width=\"80\" height=\"80\" src=\"https:\/\/www.it-service-leipzig.com\/wp-content\/uploads\/2019\/04\/tk30-ce3e5a8e-80x80.jpg\" class=\"awpcp-listing-primary-image-thumbnail\" alt=\"Gammagrafie Ger\u00e4t TK30 (Dauerangebot)\" decoding=\"async\" loading=\"lazy\" srcset=\"https:\/\/www.it-service-leipzig.com\/wp-content\/uploads\/2019\/04\/tk30-ce3e5a8e-80x80.jpg 80w, https:\/\/www.it-service-leipzig.com\/wp-content\/uploads\/2019\/04\/tk30-ce3e5a8e-125x125.jpg 125w, https:\/\/www.it-service-leipzig.com\/wp-content\/uploads\/2019\/04\/tk30-ce3e5a8e-200x200.jpg 200w\" sizes=\"(max-width: 80px) 100vw, 80px\" \/><\/a>\r\n\t\t\t\t\t\t\t\t<\/div>\r\n\t\t\t\t\t\t\t\t<div style=\"width:50%; padding:5px; float:left;\">\r\n\t\t\t\t\t\t\t\t\t<h4><a href=\"https:\/\/www.it-service-leipzig.com\/?page_id=560&amp;id=2012\">Gammagrafie Ger\u00e4t TK30 (Dauerangebot)<\/a><\/h4>\r\n\t\t\t\t\t\t\t\t\tGammagrafie Ger\u00e4t TK30, Typ A. Beladbar mit max 400 GBq (10,8Ci) Co-60. Gewicht: 131kg. Das Arbeitsger\u00e4t ist gewartet und wird&hellip;\r\n\t\t\t\t\t\t\t\t<\/div>\r\n\t\t\t\t\t\t\t\t<div style=\"padding:5px; float:left;\">\r\n\t\t\t\t\t\t\t\t\t09\/01\/2024<br\/>\r\n\t\t\t\t\t\t\t\t\t\r\n\t\t\t\t\t\t\t\t\t\r\n\t\t\t\t\t\t\t\t\tAufrufe: 515<br\/>\r\n\t\t\t\t\t\t\t\t\t\r\n\t\t\t\t\t\t\t\t\t\r\n\t\t\t\t\t\t\t\t<\/div>\r\n\t\t\t\t\t\t\t\t<span class=\"fixfloat\"><\/span>\r\n\t\t\t\t\t\t\t<\/div>\r\n\t\t\t\t\t\t\t<div class=\"fixfloat\"><\/div><div class=\"displayaditemseven $isfeaturedclass\">\r\n\t\t\t\t\t\t\t\t<div style=\"width:80px; padding:5px; float:left; margin-right:20px;\">\r\n\t\t\t\t\t\t\t\t\t<a class=\"awpcp-listing-primary-image-listing-link\" href=\"https:\/\/www.it-service-leipzig.com\/?page_id=560&#038;id=2015\"><img width=\"80\" height=\"80\" src=\"https:\/\/www.it-service-leipzig.com\/wp-content\/uploads\/2019\/04\/komm-a-5ad50748-80x80.jpg\" class=\"awpcp-listing-primary-image-thumbnail\" alt=\"Kommandoger\u00e4t M Typ A (Dauerangebot)\" decoding=\"async\" loading=\"lazy\" srcset=\"https:\/\/www.it-service-leipzig.com\/wp-content\/uploads\/2019\/04\/komm-a-5ad50748-80x80.jpg 80w, https:\/\/www.it-service-leipzig.com\/wp-content\/uploads\/2019\/04\/komm-a-5ad50748-125x125.jpg 125w, https:\/\/www.it-service-leipzig.com\/wp-content\/uploads\/2019\/04\/komm-a-5ad50748-200x200.jpg 200w\" sizes=\"(max-width: 80px) 100vw, 80px\" \/><\/a>\r\n\t\t\t\t\t\t\t\t<\/div>\r\n\t\t\t\t\t\t\t\t<div style=\"width:50%; padding:5px; float:left;\">\r\n\t\t\t\t\t\t\t\t\t<h4><a href=\"https:\/\/www.it-service-leipzig.com\/?page_id=560&amp;id=2015\">Kommandoger\u00e4t M Typ A (Dauerangebot)<\/a><\/h4>\r\n\t\t\t\t\t\t\t\t\tKommandoger\u00e4t M Typ A, Steuerungsger\u00e4t f\u00fcr Molch M10 oder M18. Beladbar mit max. 13GBq (350mCi) Cs-137. *** Achtung! Umgangsgenehmigung f\u00fcr&hellip;\r\n\t\t\t\t\t\t\t\t<\/div>\r\n\t\t\t\t\t\t\t\t<div style=\"padding:5px; float:left;\">\r\n\t\t\t\t\t\t\t\t\t09\/01\/2024<br\/>\r\n\t\t\t\t\t\t\t\t\t\r\n\t\t\t\t\t\t\t\t\t\r\n\t\t\t\t\t\t\t\t\tAufrufe: 559<br\/>\r\n\t\t\t\t\t\t\t\t\t\r\n\t\t\t\t\t\t\t\t\t\r\n\t\t\t\t\t\t\t\t<\/div>\r\n\t\t\t\t\t\t\t\t<span class=\"fixfloat\"><\/span>\r\n\t\t\t\t\t\t\t<\/div>\r\n\t\t\t\t\t\t\t<div class=\"fixfloat\"><\/div><div class=\"displayaditemsodd $isfeaturedclass\">\r\n\t\t\t\t\t\t\t\t<div style=\"width:80px; padding:5px; float:left; margin-right:20px;\">\r\n\t\t\t\t\t\t\t\t\t<a class=\"awpcp-listing-primary-image-listing-link\" href=\"https:\/\/www.it-service-leipzig.com\/?page_id=560&#038;id=2017\"><img width=\"80\" height=\"80\" src=\"https:\/\/www.it-service-leipzig.com\/wp-content\/uploads\/2019\/04\/m10-aab43ab7-80x80.jpg\" class=\"awpcp-listing-primary-image-thumbnail\" alt=\"M10 Isotopen-Kamera Ir-192 f\u00fcr Molch M6 (Dauerangebot)\" decoding=\"async\" loading=\"lazy\" srcset=\"https:\/\/www.it-service-leipzig.com\/wp-content\/uploads\/2019\/04\/m10-aab43ab7-80x80.jpg 80w, https:\/\/www.it-service-leipzig.com\/wp-content\/uploads\/2019\/04\/m10-aab43ab7-125x125.jpg 125w, https:\/\/www.it-service-leipzig.com\/wp-content\/uploads\/2019\/04\/m10-aab43ab7-200x200.jpg 200w\" sizes=\"(max-width: 80px) 100vw, 80px\" \/><\/a>\r\n\t\t\t\t\t\t\t\t<\/div>\r\n\t\t\t\t\t\t\t\t<div style=\"width:50%; padding:5px; float:left;\">\r\n\t\t\t\t\t\t\t\t\t<h4><a href=\"https:\/\/www.it-service-leipzig.com\/?page_id=560&amp;id=2017\">M10 Isotopen-Kamera Ir-192 f\u00fcr Molch M6 (Dauerangebot)<\/a><\/h4>\r\n\t\t\t\t\t\t\t\t\tM10 Isotopen-Kamera Ir-192 f\u00fcr Molch M6, Typ A. Strahlerkopf M10-1. Beladbar mit max 1TBq (27Ci) Ir-192. Der Strahlerkopf ist gewartet&hellip;\r\n\t\t\t\t\t\t\t\t<\/div>\r\n\t\t\t\t\t\t\t\t<div style=\"padding:5px; float:left;\">\r\n\t\t\t\t\t\t\t\t\t09\/01\/2024<br\/>\r\n\t\t\t\t\t\t\t\t\t\r\n\t\t\t\t\t\t\t\t\t\r\n\t\t\t\t\t\t\t\t\tAufrufe: 485<br\/>\r\n\t\t\t\t\t\t\t\t\t\r\n\t\t\t\t\t\t\t\t\t\r\n\t\t\t\t\t\t\t\t<\/div>\r\n\t\t\t\t\t\t\t\t<span class=\"fixfloat\"><\/span>\r\n\t\t\t\t\t\t\t<\/div>\r\n\t\t\t\t\t\t\t<div class=\"fixfloat\"><\/div><div class=\"displayaditemseven $isfeaturedclass\">\r\n\t\t\t\t\t\t\t\t<div style=\"width:80px; padding:5px; float:left; margin-right:20px;\">\r\n\t\t\t\t\t\t\t\t\t<a class=\"awpcp-listing-primary-image-listing-link\" href=\"https:\/\/www.it-service-leipzig.com\/?page_id=560&#038;id=2018\"><img width=\"80\" height=\"80\" src=\"https:\/\/www.it-service-leipzig.com\/wp-content\/uploads\/2019\/04\/m18-96801bbc-80x80.jpg\" class=\"awpcp-listing-primary-image-thumbnail\" alt=\"M18-1 Isotopen-Kamera Ir-192 f\u00fcr Molch M18 (Dauerangebot)\" decoding=\"async\" loading=\"lazy\" srcset=\"https:\/\/www.it-service-leipzig.com\/wp-content\/uploads\/2019\/04\/m18-96801bbc-80x80.jpg 80w, https:\/\/www.it-service-leipzig.com\/wp-content\/uploads\/2019\/04\/m18-96801bbc-125x125.jpg 125w, https:\/\/www.it-service-leipzig.com\/wp-content\/uploads\/2019\/04\/m18-96801bbc-200x200.jpg 200w\" sizes=\"(max-width: 80px) 100vw, 80px\" \/><\/a>\r\n\t\t\t\t\t\t\t\t<\/div>\r\n\t\t\t\t\t\t\t\t<div style=\"width:50%; padding:5px; float:left;\">\r\n\t\t\t\t\t\t\t\t\t<h4><a href=\"https:\/\/www.it-service-leipzig.com\/?page_id=560&amp;id=2018\">M18-1 Isotopen-Kamera Ir-192 f\u00fcr Molch M18 (Dauerangebot)<\/a><\/h4>\r\n\t\t\t\t\t\t\t\t\tM18-1 Isotopen-Kamera Ir-192 f\u00fcr Molch M18, Typ A. Strahlerkopf M18-1. Beladbar mit max 1TBq (27Ci) Ir-192. Der Strahlerkopf ist gewartet&hellip;\r\n\t\t\t\t\t\t\t\t<\/div>\r\n\t\t\t\t\t\t\t\t<div style=\"padding:5px; float:left;\">\r\n\t\t\t\t\t\t\t\t\t09\/01\/2024<br\/>\r\n\t\t\t\t\t\t\t\t\t\r\n\t\t\t\t\t\t\t\t\t\r\n\t\t\t\t\t\t\t\t\tAufrufe: 588<br\/>\r\n\t\t\t\t\t\t\t\t\t\r\n\t\t\t\t\t\t\t\t\t\r\n\t\t\t\t\t\t\t\t<\/div>\r\n\t\t\t\t\t\t\t\t<span class=\"fixfloat\"><\/span>\r\n\t\t\t\t\t\t\t<\/div>\r\n\t\t\t\t\t\t\t<div class=\"fixfloat\"><\/div>            <\/div>\n\n    <div class=\"awpcp-pagination pager\">\n        <div class=\"awpcp-pagination-links\"><span class=\"awpcp-pagination-summary\">Seite 1 von 2<\/span><span class=\"awpcp-pagination-links--link\">1<\/span><a class=\"awpcp-pagination-links--link\" href=\"https:\/\/www.it-service-leipzig.com\/index.php?rest_route=%2Fwp%2Fv2%2Fpages%2F558&#038;offset=5&#038;results=5\">2<\/a><\/div>\n    \n        <form class=\"awpcp-pagination-form\" method=\"get\">\n        <input type=\"hidden\" name=\"rest_route\" value=\"\/wp\/v2\/pages\/558\" \/>\n        \n        <label for=\"awpcp-pagination-results-0-58128600-1776588742\">Anzeigen pro Seite<\/label>\n\n        <select id=\"awpcp-pagination-results-0-58128600-1776588742\" name=\"results\">\n                                <option value=\"5\" selected=\"selected\">5<\/option>\n                                            <option value=\"10\">10<\/option>\n                                            <option value=\"20\">20<\/option>\n                                            <option value=\"30\">30<\/option>\n                                            <option value=\"40\">40<\/option>\n                                            <option value=\"50\">50<\/option>\n                                            <option value=\"60\">60<\/option>\n                                            <option value=\"70\">70<\/option>\n                                            <option value=\"80\">80<\/option>\n                                            <option value=\"90\">90<\/option>\n                                            <option value=\"100\">100<\/option>\n                                            <option value=\"500\">500<\/option>\n                            <\/select>\n\n            <\/form>\n    <\/div>\n        <\/div>\n\n","protected":false},"excerpt":{"rendered":"<p class=\"continue-reading-button\"> <a class=\"continue-reading-link\" href=\"https:\/\/www.it-service-leipzig.com\/?page_id=558\">Mehr lesen &#8230; Read more &#8230;<i class=\"crycon-right-dir\"><\/i><\/a><\/p>\n","protected":false},"author":1,"featured_media":0,"parent":0,"menu_order":7,"comment_status":"closed","ping_status":"closed","template":"","meta":[],"_links":{"self":[{"href":"https:\/\/www.it-service-leipzig.com\/index.php?rest_route=\/wp\/v2\/pages\/558"}],"collection":[{"href":"https:\/\/www.it-service-leipzig.com\/index.php?rest_route=\/wp\/v2\/pages"}],"about":[{"href":"https:\/\/www.it-service-leipzig.com\/index.php?rest_route=\/wp\/v2\/types\/page"}],"author":[{"embeddable":true,"href":"https:\/\/www.it-service-leipzig.com\/index.php?rest_route=\/wp\/v2\/users\/1"}],"replies":[{"embeddable":true,"href":"https:\/\/www.it-service-leipzig.com\/index.php?rest_route=%2Fwp%2Fv2%2Fcomments&post=558"}],"version-history":[{"count":20,"href":"https:\/\/www.it-service-leipzig.com\/index.php?rest_route=\/wp\/v2\/pages\/558\/revisions"}],"predecessor-version":[{"id":2323,"href":"https:\/\/www.it-service-leipzig.com\/index.php?rest_route=\/wp\/v2\/pages\/558\/revisions\/2323"}],"wp:attachment":[{"href":"https:\/\/www.it-service-leipzig.com\/index.php?rest_route=%2Fwp%2Fv2%2Fmedia&parent=558"}],"curies":[{"name":"wp","href":"https:\/\/api.w.org\/{rel}","templated":true}]}}