{"id":368,"date":"2014-04-16T08:10:05","date_gmt":"2014-04-16T07:10:05","guid":{"rendered":"http:\/\/www.it-service-leipzig.com\/?page_id=368"},"modified":"2023-07-24T12:16:52","modified_gmt":"2023-07-24T11:16:52","slug":"ht-haertepruefung","status":"publish","type":"page","link":"https:\/\/www.it-service-leipzig.com\/?page_id=368","title":{"rendered":"HT &#8211; H\u00e4rtepr\u00fcfung"},"content":{"rendered":"<ul>\n<li>Verkauf von Neu- und Gebrauchtger\u00e4ten<\/li>\n<li>Kalibrierung von H\u00e4rtemessger\u00e4ten (Werkskalibrierschein)<\/li>\n<li>Instandsetzung an unserem Standort Leipzig<\/li>\n<li>Lieferung von Zubeh\u00f6r, Verbrauchsmaterial und Hilfsmitteln f\u00fcr die manuelle H\u00e4rtepr\u00fcfung (Me\u00dfsonden, H\u00e4rtevergleichsplatten etc.)<\/li>\n<li>Beratung zu Pr\u00fcfproblemen (keine Erstellung von Pr\u00fcfanweisungen)<\/li>\n<\/ul>\n","protected":false},"excerpt":{"rendered":"<p>Verkauf von Neu- und Gebrauchtger\u00e4ten Kalibrierung von H\u00e4rtemessger\u00e4ten (Werkskalibrierschein) Instandsetzung an unserem Standort Leipzig Lieferung von Zubeh\u00f6r, Verbrauchsmaterial und Hilfsmitteln f\u00fcr die manuelle H\u00e4rtepr\u00fcfung (Me\u00dfsonden, H\u00e4rtevergleichsplatten etc.) Beratung zu Pr\u00fcfproblemen (keine Erstellung von Pr\u00fcfanweisungen)<\/p>\n<p class=\"continue-reading-button\"> <a class=\"continue-reading-link\" href=\"https:\/\/www.it-service-leipzig.com\/?page_id=368\">Mehr lesen &#8230; Read more &#8230;<i class=\"crycon-right-dir\"><\/i><\/a><\/p>\n","protected":false},"author":1,"featured_media":0,"parent":116,"menu_order":10,"comment_status":"closed","ping_status":"closed","template":"","meta":[],"_links":{"self":[{"href":"https:\/\/www.it-service-leipzig.com\/index.php?rest_route=\/wp\/v2\/pages\/368"}],"collection":[{"href":"https:\/\/www.it-service-leipzig.com\/index.php?rest_route=\/wp\/v2\/pages"}],"about":[{"href":"https:\/\/www.it-service-leipzig.com\/index.php?rest_route=\/wp\/v2\/types\/page"}],"author":[{"embeddable":true,"href":"https:\/\/www.it-service-leipzig.com\/index.php?rest_route=\/wp\/v2\/users\/1"}],"replies":[{"embeddable":true,"href":"https:\/\/www.it-service-leipzig.com\/index.php?rest_route=%2Fwp%2Fv2%2Fcomments&post=368"}],"version-history":[{"count":5,"href":"https:\/\/www.it-service-leipzig.com\/index.php?rest_route=\/wp\/v2\/pages\/368\/revisions"}],"predecessor-version":[{"id":2300,"href":"https:\/\/www.it-service-leipzig.com\/index.php?rest_route=\/wp\/v2\/pages\/368\/revisions\/2300"}],"up":[{"embeddable":true,"href":"https:\/\/www.it-service-leipzig.com\/index.php?rest_route=\/wp\/v2\/pages\/116"}],"wp:attachment":[{"href":"https:\/\/www.it-service-leipzig.com\/index.php?rest_route=%2Fwp%2Fv2%2Fmedia&parent=368"}],"curies":[{"name":"wp","href":"https:\/\/api.w.org\/{rel}","templated":true}]}}