{"id":366,"date":"2014-04-16T08:09:26","date_gmt":"2014-04-16T07:09:26","guid":{"rendered":"http:\/\/www.it-service-leipzig.com\/?page_id=366"},"modified":"2023-07-24T12:16:24","modified_gmt":"2023-07-24T11:16:24","slug":"lt-dichtheitspruefunglecksuche","status":"publish","type":"page","link":"https:\/\/www.it-service-leipzig.com\/?page_id=366","title":{"rendered":"LT &#8211; Dichtheitspr\u00fcfung\/Lecksuche"},"content":{"rendered":"<ul>\n<li>Verkauf von Neuger\u00e4ten und Zubeh\u00f6rteilen<\/li>\n<li>Wartung und Instandsetzung von Pr\u00fcfger\u00e4ten an unserem Standort Leipzig<\/li>\n<li>Aufarbeitung von Gebrauchtger\u00e4ten<\/li>\n<li>Verkauf von Pr\u00fcfmitteln f\u00fcr die Lecksuche<\/li>\n<li>Beratung zu Pr\u00fcfproblemen (keine Erstellung von Pr\u00fcfanweisungen)<\/li>\n<\/ul>\n","protected":false},"excerpt":{"rendered":"<p>Verkauf von Neuger\u00e4ten und Zubeh\u00f6rteilen Wartung und Instandsetzung von Pr\u00fcfger\u00e4ten an unserem Standort Leipzig Aufarbeitung von Gebrauchtger\u00e4ten Verkauf von Pr\u00fcfmitteln f\u00fcr die Lecksuche Beratung zu Pr\u00fcfproblemen (keine Erstellung von Pr\u00fcfanweisungen)<\/p>\n<p class=\"continue-reading-button\"> <a class=\"continue-reading-link\" href=\"https:\/\/www.it-service-leipzig.com\/?page_id=366\">Mehr lesen &#8230; Read more &#8230;<i class=\"crycon-right-dir\"><\/i><\/a><\/p>\n","protected":false},"author":1,"featured_media":0,"parent":116,"menu_order":9,"comment_status":"closed","ping_status":"closed","template":"","meta":[],"_links":{"self":[{"href":"https:\/\/www.it-service-leipzig.com\/index.php?rest_route=\/wp\/v2\/pages\/366"}],"collection":[{"href":"https:\/\/www.it-service-leipzig.com\/index.php?rest_route=\/wp\/v2\/pages"}],"about":[{"href":"https:\/\/www.it-service-leipzig.com\/index.php?rest_route=\/wp\/v2\/types\/page"}],"author":[{"embeddable":true,"href":"https:\/\/www.it-service-leipzig.com\/index.php?rest_route=\/wp\/v2\/users\/1"}],"replies":[{"embeddable":true,"href":"https:\/\/www.it-service-leipzig.com\/index.php?rest_route=%2Fwp%2Fv2%2Fcomments&post=366"}],"version-history":[{"count":6,"href":"https:\/\/www.it-service-leipzig.com\/index.php?rest_route=\/wp\/v2\/pages\/366\/revisions"}],"predecessor-version":[{"id":2299,"href":"https:\/\/www.it-service-leipzig.com\/index.php?rest_route=\/wp\/v2\/pages\/366\/revisions\/2299"}],"up":[{"embeddable":true,"href":"https:\/\/www.it-service-leipzig.com\/index.php?rest_route=\/wp\/v2\/pages\/116"}],"wp:attachment":[{"href":"https:\/\/www.it-service-leipzig.com\/index.php?rest_route=%2Fwp%2Fv2%2Fmedia&parent=366"}],"curies":[{"name":"wp","href":"https:\/\/api.w.org\/{rel}","templated":true}]}}