{"id":358,"date":"2014-04-16T08:07:15","date_gmt":"2014-04-16T07:07:15","guid":{"rendered":"http:\/\/www.it-service-leipzig.com\/?page_id=358"},"modified":"2023-07-24T12:12:27","modified_gmt":"2023-07-24T11:12:27","slug":"ut-ultraschallpruefung","status":"publish","type":"page","link":"https:\/\/www.it-service-leipzig.com\/?page_id=358","title":{"rendered":"UT &#8211; Ultraschallpr\u00fcfung"},"content":{"rendered":"<ul>\n<li>\u00dcberpr\u00fcfung, Wartung, Instandsetzung von Ultraschallger\u00e4ten nach DIN EN 12668-1 inkl. Dokumentation<\/li>\n<li>\u00dcberpr\u00fcfung, Wartung, Instandsetzung von Wanddickenmessger\u00e4ten inkl. Dokumentation<\/li>\n<li>Beratung und Verkauf f\u00fcr\/von Neu- und Gebrauchtger\u00e4ten<\/li>\n<li>Ger\u00e4tereparaturen an unserem Standort Leipzig<\/li>\n<li>Lieferung von Zubeh\u00f6r und Verbrauchsmaterial (Pr\u00fcfk\u00f6pfe, Kalibrierk\u00f6rper, Kabel, Koppelmittel etc.)<\/li>\n<li>Lieferung von Ersatzteilen<\/li>\n<li>Fertigung von Ultraschallkabeln<\/li>\n<li>Instandsetzung von Ultraschallkabeln<\/li>\n<li>Aufschuhen von Ultraschallpr\u00fcfk\u00f6pfen<\/li>\n<li>Ger\u00e4teeinweisung (Grundbedienung) nach Kundenwunsch<\/li>\n<\/ul>\n<hr \/>\n<p style=\"text-align: center;\"><a href=\"https:\/\/www.it-service-leipzig.com\/wp-content\/uploads\/2018\/04\/DB-Netz-AG-Freigabe.pdf\">Pr\u00fcfstelle zur Durchf\u00fchrung der System-Funktionspr\u00fcfung<\/a><br \/>\n<a href=\"https:\/\/www.it-service-leipzig.com\/wp-content\/uploads\/2018\/04\/DB-Netz-AG-Freigabe.pdf\">f\u00fcr Mess- und Pr\u00fcfmittel nach Ril 821.2007A03 (DB Netze)<\/a><\/p>\n<hr \/>\n","protected":false},"excerpt":{"rendered":"<p>\u00dcberpr\u00fcfung, Wartung, Instandsetzung von Ultraschallger\u00e4ten nach DIN EN 12668-1 inkl. Dokumentation \u00dcberpr\u00fcfung, Wartung, Instandsetzung von Wanddickenmessger\u00e4ten inkl. Dokumentation Beratung und Verkauf f\u00fcr\/von Neu- und Gebrauchtger\u00e4ten Ger\u00e4tereparaturen an unserem Standort Leipzig Lieferung von Zubeh\u00f6r und Verbrauchsmaterial (Pr\u00fcfk\u00f6pfe, Kalibrierk\u00f6rper, Kabel, Koppelmittel etc.) Lieferung von Ersatzteilen Fertigung von Ultraschallkabeln Instandsetzung von Ultraschallkabeln Aufschuhen\u2026<\/p>\n<p class=\"continue-reading-button\"> <a class=\"continue-reading-link\" href=\"https:\/\/www.it-service-leipzig.com\/?page_id=358\">Mehr lesen &#8230; Read more &#8230;<i class=\"crycon-right-dir\"><\/i><\/a><\/p>\n","protected":false},"author":1,"featured_media":0,"parent":116,"menu_order":6,"comment_status":"closed","ping_status":"closed","template":"","meta":[],"_links":{"self":[{"href":"https:\/\/www.it-service-leipzig.com\/index.php?rest_route=\/wp\/v2\/pages\/358"}],"collection":[{"href":"https:\/\/www.it-service-leipzig.com\/index.php?rest_route=\/wp\/v2\/pages"}],"about":[{"href":"https:\/\/www.it-service-leipzig.com\/index.php?rest_route=\/wp\/v2\/types\/page"}],"author":[{"embeddable":true,"href":"https:\/\/www.it-service-leipzig.com\/index.php?rest_route=\/wp\/v2\/users\/1"}],"replies":[{"embeddable":true,"href":"https:\/\/www.it-service-leipzig.com\/index.php?rest_route=%2Fwp%2Fv2%2Fcomments&post=358"}],"version-history":[{"count":14,"href":"https:\/\/www.it-service-leipzig.com\/index.php?rest_route=\/wp\/v2\/pages\/358\/revisions"}],"predecessor-version":[{"id":2296,"href":"https:\/\/www.it-service-leipzig.com\/index.php?rest_route=\/wp\/v2\/pages\/358\/revisions\/2296"}],"up":[{"embeddable":true,"href":"https:\/\/www.it-service-leipzig.com\/index.php?rest_route=\/wp\/v2\/pages\/116"}],"wp:attachment":[{"href":"https:\/\/www.it-service-leipzig.com\/index.php?rest_route=%2Fwp%2Fv2%2Fmedia&parent=358"}],"curies":[{"name":"wp","href":"https:\/\/api.w.org\/{rel}","templated":true}]}}