{"id":354,"date":"2014-04-16T08:06:10","date_gmt":"2014-04-16T07:06:10","guid":{"rendered":"http:\/\/www.it-service-leipzig.com\/?page_id=354"},"modified":"2023-07-24T12:10:24","modified_gmt":"2023-07-24T11:10:24","slug":"dr-digitale-radiografie","status":"publish","type":"page","link":"https:\/\/www.it-service-leipzig.com\/?page_id=354","title":{"rendered":"DR &#8211; Digitale Radiografie"},"content":{"rendered":"<p>In Zusammenarbeit mit leistungsf\u00e4higen Partnern, liefert Ihnen\u00a0<strong><span style=\"color: #0167af;\">IT-Service<\/span><\/strong> die Technik f\u00fcr die (analoge und) digitale Bilderzeugung. Unser Leistungsumfang reicht dabei von der Lieferung der Einzelkomponenten bis zum kompletten Pr\u00fcfsystem (R\u00f6ntgen-Durchleuchtungs-System oder CT-System).<\/p>\n<ul>\n<li>Lieferung und\/oder Vermittlung von Komplett-Systemen f\u00fcr unterschiedliche Pr\u00fcfaufgaben, z. B.<br \/>\nSicherheitstechnik, Computertomografie, Durchleuchtung, R\u00e4der- und Reifenpr\u00fcfung sowie Rohrpr\u00fcfung<\/li>\n<li>Vertrieb von Bildquellen und Bildverbesserungs-\/Bildverarbeitungssystemen unterschiedlicher Hersteller<br \/>\nBildverst\u00e4rkern, Fl\u00e4chendetektoren, Speicherfolien-Scannern (CR), Filmscannern, Zeilenkameras<\/li>\n<li>Bildg\u00fctepr\u00fcfung von Bildverst\u00e4rkern<\/li>\n<li>Lieferung von hochaufl\u00f6senden Monitoren (Einschub- und Tischger\u00e4te)<\/li>\n<li>Lieferung und Anpassung von Ersatzteilen und Austauschkomponenten, z. B. HS-Netzteile<\/li>\n<li>Lieferung von Zubeh\u00f6r, z. B. Pr\u00fcfk\u00f6rpern oder Speicherfolien (CR)<\/li>\n<\/ul>\n","protected":false},"excerpt":{"rendered":"<p>In Zusammenarbeit mit leistungsf\u00e4higen Partnern, liefert Ihnen\u00a0IT-Service die Technik f\u00fcr die (analoge und) digitale Bilderzeugung. Unser Leistungsumfang reicht dabei von der Lieferung der Einzelkomponenten bis zum kompletten Pr\u00fcfsystem (R\u00f6ntgen-Durchleuchtungs-System oder CT-System). Lieferung und\/oder Vermittlung von Komplett-Systemen f\u00fcr unterschiedliche Pr\u00fcfaufgaben, z. B. Sicherheitstechnik, Computertomografie, Durchleuchtung, R\u00e4der- und Reifenpr\u00fcfung sowie Rohrpr\u00fcfung Vertrieb\u2026<\/p>\n<p class=\"continue-reading-button\"> <a class=\"continue-reading-link\" href=\"https:\/\/www.it-service-leipzig.com\/?page_id=354\">Mehr lesen &#8230; Read more &#8230;<i class=\"crycon-right-dir\"><\/i><\/a><\/p>\n","protected":false},"author":1,"featured_media":0,"parent":116,"menu_order":3,"comment_status":"closed","ping_status":"closed","template":"","meta":[],"_links":{"self":[{"href":"https:\/\/www.it-service-leipzig.com\/index.php?rest_route=\/wp\/v2\/pages\/354"}],"collection":[{"href":"https:\/\/www.it-service-leipzig.com\/index.php?rest_route=\/wp\/v2\/pages"}],"about":[{"href":"https:\/\/www.it-service-leipzig.com\/index.php?rest_route=\/wp\/v2\/types\/page"}],"author":[{"embeddable":true,"href":"https:\/\/www.it-service-leipzig.com\/index.php?rest_route=\/wp\/v2\/users\/1"}],"replies":[{"embeddable":true,"href":"https:\/\/www.it-service-leipzig.com\/index.php?rest_route=%2Fwp%2Fv2%2Fcomments&post=354"}],"version-history":[{"count":21,"href":"https:\/\/www.it-service-leipzig.com\/index.php?rest_route=\/wp\/v2\/pages\/354\/revisions"}],"predecessor-version":[{"id":2294,"href":"https:\/\/www.it-service-leipzig.com\/index.php?rest_route=\/wp\/v2\/pages\/354\/revisions\/2294"}],"up":[{"embeddable":true,"href":"https:\/\/www.it-service-leipzig.com\/index.php?rest_route=\/wp\/v2\/pages\/116"}],"wp:attachment":[{"href":"https:\/\/www.it-service-leipzig.com\/index.php?rest_route=%2Fwp%2Fv2%2Fmedia&parent=354"}],"curies":[{"name":"wp","href":"https:\/\/api.w.org\/{rel}","templated":true}]}}