{"id":1553,"date":"2018-05-24T09:53:58","date_gmt":"2018-05-24T08:53:58","guid":{"rendered":"https:\/\/www.it-service-leipzig.com\/?page_id=1553"},"modified":"2024-09-05T11:54:29","modified_gmt":"2024-09-05T10:54:29","slug":"datenschutzerklaerung","status":"publish","type":"page","link":"https:\/\/www.it-service-leipzig.com\/?page_id=1553","title":{"rendered":"Datenschutzerkl\u00e4rung"},"content":{"rendered":"<p><strong>Datenschutzerkl\u00e4rung (Erweiterung gem\u00e4\u00df DSGVO):<\/strong><\/p>\n<p>Stand: Jan 2024<\/p>\n<p>Wir freuen uns \u00fcber Ihr Interesse an unserer Website. Der Schutz Ihrer Privatsph\u00e4re ist f\u00fcr uns sehr wichtig. Nachstehend informieren wir Sie ausf\u00fchrlich \u00fcber den Umgang mit Ihren Daten.<\/p>\n<p><strong>Verantwortlicher<br \/>\n<\/strong>Anbieter der Website und Verantwortlicher im Sinne des Art. 4 Nr. 7 der EU-Datenschutzgrundverordnung (DSGVO) ist die<\/p>\n<p>IT-Service Leipzig GmbH<br \/>\nTh\u00fcnenstr. 4<br \/>\n04129 Leipzig<br \/>\nDeutschland<br \/>\nGesch\u00e4ftsf\u00fchrer:<br \/>\nDipl.-Ing. (FH) T. Schmidbauer<br \/>\nDipl.-Wirt.-Inf. (FH) M. Spie\u00df<br \/>\nMag. Marcello Nicoloso<\/p>\n<p>tel.: +49-(0)341-908369-0<br \/>\nfax.: +49-(0)341-908369-27<br \/>\nEmail: <a href=\"mailto:info@its-leipzig.com\">info@its-leipzig.com<\/a><\/p>\n<p>Weitere Informationen zum Thema \u201cDatenschutz\u201d erhalten Sie unter <a href=\"mailto:datenschutz@its-leipzig.com\">datenschutz@its-leipzig.com<\/a>.<\/p>\n<p><strong>Speicherung von Zugriffsdaten in Server-Logfiles<\/strong><br \/>\nSie k\u00f6nnen unsere Webseiten besuchen, ohne Angaben zu Ihrer Person zu machen. Unser Hosting-Provider, die Strato AG, speichert lediglich Zugriffsdaten in sogenannten Server-Logfiles, wie z.B. den Namen der angeforderten Datei, Datum und Uhrzeit des Abrufs, \u00fcbertragene Datenmenge und den anfragenden Provider. Diese Daten werden ausschlie\u00dflich zur Sicherstellung eines st\u00f6rungsfreien Betriebs der Seite und zur Verbesserung unseres Angebots ausgewertet und erlauben uns keinen R\u00fcckschluss auf Ihre Person. In den Server-Logfiles wird zudem Ihre IP-Adresse zur Erkennung und Abwehr von Angriffen f\u00fcr eine Dauer von 7 Tagen gespeichert und danach gel\u00f6scht.<\/p>\n<p><strong>Datenerhebung und -verwendung zur Vertragsabwicklung und bei Er\u00f6ffnung eines Kundenkontos<\/strong><br \/>\nWir erheben personenbezogene Daten, wenn Sie uns diese im Rahmen Ihrer Bestellung, bei einer Kontaktaufnahme mit uns (z.B. per Kontaktformular oder E-Mail) oder bei Er\u00f6ffnung eines gesch\u00fctzten Zugangs freiwillig mitteilen. Welche Daten erhoben werden, ist aus den jeweiligen Eingabeformularen ersichtlich. Wir verwenden die von ihnen mitgeteilten Daten zur Vertragsabwicklung und Bearbeitung Ihrer Anfragen. Rechtsgrundlage f\u00fcr diese Datenverarbeitung ist Art. 6 Abs. 1 b) DSGVO, da die Erhebung und Speicherung der personenbezogenen Daten zur Erf\u00fcllung eines Vertrags oder zur Durchf\u00fchrung vorvertraglicher Ma\u00dfnahmen erforderlich ist. Nach vollst\u00e4ndiger Abwicklung des Vertrages oder L\u00f6schung Ihres Kundenkontos werden Ihre Daten f\u00fcr die weitere Verwendung gesperrt und nach Ablauf der steuer- und handelsrechtlichen Aufbewahrungsfristen gel\u00f6scht, sofern Sie nicht ausdr\u00fccklich in eine weitere Nutzung Ihrer Daten eingewilligt haben oder wir uns eine dar\u00fcber hinausgehende Datenverwendung vorbehalten, die gesetzlich erlaubt ist und \u00fcber die wir Sie nachstehend informieren. Die L\u00f6schung Ihres gesch\u00fctzten Zugangs ist jederzeit m\u00f6glich und kann durch eine Nachricht an die oben\u00a0 beschriebene Kontaktm\u00f6glichkeit erfolgen.<\/p>\n<p><strong>Datenweitergabe zur Vertragserf\u00fcllung<\/strong><br \/>\nZur Vertragserf\u00fcllung geben wir Ihre Daten an das mit der Lieferung beauftragte Versandunternehmen weiter, soweit dies zur Lieferung bestellter Waren erforderlich ist. Zur Abwicklung von Zahlungen geben wir die hierf\u00fcr erforderlichen Zahlungsdaten an das mit der Zahlung beauftragte Kreditinstitut und ggf. von uns beauftragte Zahlungsdienstleister weiter. Rechtsgrundlage f\u00fcr die \u00dcbermittlung ihrer Daten an das Versandunternehmen sowie das Kreditinstitut ist Art. 6 Abs. 1 b) DSGVO, da die \u00dcbermittlung zur Erf\u00fcllung eines Vertrags oder zur Durchf\u00fchrung vorvertraglicher Ma\u00dfnahmen erforderlich ist.<\/p>\n<p><strong>Kontaktm\u00f6glichkeit<\/strong><br \/>\nWir bieten Ihnen auf unserer Seite die M\u00f6glichkeit, mit uns per E-Mail und\/oder \u00fcber ein Kontaktformular in Verbindung zu treten. In diesem Fall werden die vom Nutzer gemachten Angaben zum Zwecke der Bearbeitung seiner Kontaktaufnahme gespeichert. Rechtsgrundlage f\u00fcr diese Speicherung ist Art. 6 Abs. 1 a) bzw. b) DSGVO. Eine Weitergabe an Dritte erfolgt nicht. Ein Abgleich der so erhobenen Daten mit Daten, die m\u00f6glicherweise durch andere Komponenten unserer Seite erhoben werden, erfolgt ebenfalls nicht.<\/p>\n<p><strong>Betroffenenrechte und Kontaktm\u00f6glichkeit<\/strong><br \/>\nSie haben ein Recht auf unentgeltliche Auskunft \u00fcber die bei uns zu Ihrer Person gespeicherten Daten (Art. 15 DSGVO) sowie ggf. ein Recht auf Berichtigung (Art. 16 DSGVO), Sperrung oder L\u00f6schung (Art. 17 DSGVO) dieser Daten. Weiter haben Sie unter Umst\u00e4nden das Recht, die Einschr\u00e4nkung der Verarbeitung Ihrer personenbezogenen Daten zu verlangen (Art. 18 DSGVO) oder der Datenverarbeitung zu widersprechen (Art. 21 DSGVO). Ferner haben Sie unter Umst\u00e4nden das Recht, die Sie betreffenden personenbezogenen Daten, die Sie uns bereitgestellt haben, in einem strukturierten, g\u00e4ngigen und maschinenlesbaren Format zu erhalten oder diese Daten einem anderen Verantwortlichen zu \u00fcbermitteln (Art. 20 DSGVO). Sofern Sie der Ansicht sind, dass die Verarbeitung der Sie betreffenden personenbezogenen Daten gegen die Vorgaben der DSGVO verst\u00f6\u00dft, haben Sie gem\u00e4\u00df Art. 77 DSGVO ferner das Recht, sich bei einer Aufsichtsbeh\u00f6rde zu beschweren. Bei Fragen zur Erhebung, Verarbeitung oder Nutzung Ihrer personenbezogenen Daten, zur Aus\u00fcbung der vorstehend aufgez\u00e4hlten Betroffenenrechte, sowie zum Widerruf erteilter Einwilligungen oder Widerspruch gegen eine bestimmte Datenverwendung wenden Sie sich bitte direkt an uns \u00fcber die oben sowie in unserem Impressum angegebenen Kontaktdaten, z. B. per Email an <a href=\"mailto:datenschutz@its-leipzig.com\">datenschutz@its-leipzig.com<\/a>.<\/p>\n","protected":false},"excerpt":{"rendered":"<p>Datenschutzerkl\u00e4rung (Erweiterung gem\u00e4\u00df DSGVO): Stand: Jan 2024 Wir freuen uns \u00fcber Ihr Interesse an unserer Website. Der Schutz Ihrer Privatsph\u00e4re ist f\u00fcr uns sehr wichtig. Nachstehend informieren wir Sie ausf\u00fchrlich \u00fcber den Umgang mit Ihren Daten. Verantwortlicher Anbieter der Website und Verantwortlicher im Sinne des Art. 4 Nr. 7 der\u2026<\/p>\n<p class=\"continue-reading-button\"> <a class=\"continue-reading-link\" href=\"https:\/\/www.it-service-leipzig.com\/?page_id=1553\">Mehr lesen &#8230; Read more &#8230;<i class=\"crycon-right-dir\"><\/i><\/a><\/p>\n","protected":false},"author":1,"featured_media":0,"parent":122,"menu_order":3,"comment_status":"closed","ping_status":"closed","template":"","meta":[],"_links":{"self":[{"href":"https:\/\/www.it-service-leipzig.com\/index.php?rest_route=\/wp\/v2\/pages\/1553"}],"collection":[{"href":"https:\/\/www.it-service-leipzig.com\/index.php?rest_route=\/wp\/v2\/pages"}],"about":[{"href":"https:\/\/www.it-service-leipzig.com\/index.php?rest_route=\/wp\/v2\/types\/page"}],"author":[{"embeddable":true,"href":"https:\/\/www.it-service-leipzig.com\/index.php?rest_route=\/wp\/v2\/users\/1"}],"replies":[{"embeddable":true,"href":"https:\/\/www.it-service-leipzig.com\/index.php?rest_route=%2Fwp%2Fv2%2Fcomments&post=1553"}],"version-history":[{"count":6,"href":"https:\/\/www.it-service-leipzig.com\/index.php?rest_route=\/wp\/v2\/pages\/1553\/revisions"}],"predecessor-version":[{"id":2464,"href":"https:\/\/www.it-service-leipzig.com\/index.php?rest_route=\/wp\/v2\/pages\/1553\/revisions\/2464"}],"up":[{"embeddable":true,"href":"https:\/\/www.it-service-leipzig.com\/index.php?rest_route=\/wp\/v2\/pages\/122"}],"wp:attachment":[{"href":"https:\/\/www.it-service-leipzig.com\/index.php?rest_route=%2Fwp%2Fv2%2Fmedia&parent=1553"}],"curies":[{"name":"wp","href":"https:\/\/api.w.org\/{rel}","templated":true}]}}