{"id":144,"date":"2014-02-18T11:03:02","date_gmt":"2014-02-18T10:03:02","guid":{"rendered":"http:\/\/www.it-service-leipzig.com\/?page_id=144"},"modified":"2023-07-24T12:58:54","modified_gmt":"2023-07-24T11:58:54","slug":"strahlenschutz","status":"publish","type":"page","link":"https:\/\/www.it-service-leipzig.com\/?page_id=144","title":{"rendered":"Strahlenschutz"},"content":{"rendered":"<h4 style=\"text-align: center;\"><strong><span style=\"color: #3366ff;\"><img decoding=\"async\" loading=\"lazy\" class=\"wp-image-896 alignright\" alt=\"RoeGaHinweis_de\" src=\"https:\/\/www.it-service-leipzig.com\/wp-content\/uploads\/2014\/02\/RoeGaHinweis_de.jpg\" width=\"500\" height=\"100\" srcset=\"https:\/\/www.it-service-leipzig.com\/wp-content\/uploads\/2014\/02\/RoeGaHinweis_de.jpg 500w, https:\/\/www.it-service-leipzig.com\/wp-content\/uploads\/2014\/02\/RoeGaHinweis_de-300x60.jpg 300w, https:\/\/www.it-service-leipzig.com\/wp-content\/uploads\/2014\/02\/RoeGaHinweis_de-125x25.jpg 125w, https:\/\/www.it-service-leipzig.com\/wp-content\/uploads\/2014\/02\/RoeGaHinweis_de-150x30.jpg 150w\" sizes=\"(max-width: 500px) 100vw, 500px\" \/><\/span><\/strong><\/h4>\n<p style=\"text-align: justify;\">Gem\u00e4\u00df den Vorgaben der R\u00f6ntgenverordnung &#8211; R\u00f6V und der Strahlenschutzverordnung &#8211; StrlSchV, ist jeder Anwender oder Betreiber dazu verpflichtet, daf\u00fcr Sorge zu tragen, dass die Dosisgrenzwerte der jeweiligen Verordnung nicht \u00fcberschritten werden. Jede unn\u00f6tige Strahlenexposition und Kontamination von Mensch und Umwelt ist zu vermeiden und unter Ber\u00fccksichtigung aller Umst\u00e4nde des Einzelfalls auch unterhalb der Grenzwerte so gering wie m\u00f6glich zu halten.<\/p>\n<h4 style=\"text-align: center;\"><\/h4>\n<p><span style=\"color: #000000;\"><strong><span style=\"color: #0167af;\">IT-Service<\/span><\/strong> liefert Ihnen ADR-Ausr\u00fcstungen, Strahlenschutzkomponenten, Beschilderungen, Warn- und Absperrmaterial sowie tragbare und station\u00e4re Strahlungsmess- und \u00dcberwachungsl\u00f6sungen f\u00fcr Ihren Anwendungsbereich.<br \/>\n<\/span><\/p>\n<p style=\"padding-left: 30px;\"><strong>Strahlungsmesstechnik\/-warntechnik<br \/>\n<\/strong><\/p>\n<ul>\n<li>Personendosimeter\/Dosiswarnger\u00e4te<\/li>\n<li>Dosisleistungsmessger\u00e4te<\/li>\n<li>Dosisleistungswarnger\u00e4te<\/li>\n<li>Messtechnik und Komponenten zur Raum\u00fcberwachung<\/li>\n<li>Kontaminationsnachweisger\u00e4te<\/li>\n<li>Teleskopger\u00e4te<\/li>\n<li>ATEX-zugelassene Messger\u00e4te<\/li>\n<li>(Gamma-)Sonden<\/li>\n<\/ul>\n<p style=\"padding-left: 30px;\"><strong>Baulicher Strahlenschutz<\/strong><\/p>\n<ul>\n<li>Planung und Beratung bez\u00fcglich Ihres Strahlenschutzvorhabens<\/li>\n<li>Anfertigung von Strahlenschutzberechnungen inkl. amtlicher Best\u00e4tigung<\/li>\n<li>Erstellung oder Umbau von R\u00f6ntgenr\u00e4umen und R\u00f6ntgenkabinen<\/li>\n<li>Begleitung Ihres Bauvorhabens bis zur beh\u00f6rdlichen Abnahme<\/li>\n<li>Lieferung von Abschirmmaterial, z. B. Stahl-Blei-Stahl Sandwichelemente<\/li>\n<\/ul>\n","protected":false},"excerpt":{"rendered":"<p>Gem\u00e4\u00df den Vorgaben der R\u00f6ntgenverordnung &#8211; R\u00f6V und der Strahlenschutzverordnung &#8211; StrlSchV, ist jeder Anwender oder Betreiber dazu verpflichtet, daf\u00fcr Sorge zu tragen, dass die Dosisgrenzwerte der jeweiligen Verordnung nicht \u00fcberschritten werden. Jede unn\u00f6tige Strahlenexposition und Kontamination von Mensch und Umwelt ist zu vermeiden und unter Ber\u00fccksichtigung aller Umst\u00e4nde des\u2026<\/p>\n<p class=\"continue-reading-button\"> <a class=\"continue-reading-link\" href=\"https:\/\/www.it-service-leipzig.com\/?page_id=144\">Mehr lesen &#8230; Read more &#8230;<i class=\"crycon-right-dir\"><\/i><\/a><\/p>\n","protected":false},"author":1,"featured_media":0,"parent":116,"menu_order":12,"comment_status":"closed","ping_status":"closed","template":"","meta":[],"_links":{"self":[{"href":"https:\/\/www.it-service-leipzig.com\/index.php?rest_route=\/wp\/v2\/pages\/144"}],"collection":[{"href":"https:\/\/www.it-service-leipzig.com\/index.php?rest_route=\/wp\/v2\/pages"}],"about":[{"href":"https:\/\/www.it-service-leipzig.com\/index.php?rest_route=\/wp\/v2\/types\/page"}],"author":[{"embeddable":true,"href":"https:\/\/www.it-service-leipzig.com\/index.php?rest_route=\/wp\/v2\/users\/1"}],"replies":[{"embeddable":true,"href":"https:\/\/www.it-service-leipzig.com\/index.php?rest_route=%2Fwp%2Fv2%2Fcomments&post=144"}],"version-history":[{"count":27,"href":"https:\/\/www.it-service-leipzig.com\/index.php?rest_route=\/wp\/v2\/pages\/144\/revisions"}],"predecessor-version":[{"id":2302,"href":"https:\/\/www.it-service-leipzig.com\/index.php?rest_route=\/wp\/v2\/pages\/144\/revisions\/2302"}],"up":[{"embeddable":true,"href":"https:\/\/www.it-service-leipzig.com\/index.php?rest_route=\/wp\/v2\/pages\/116"}],"wp:attachment":[{"href":"https:\/\/www.it-service-leipzig.com\/index.php?rest_route=%2Fwp%2Fv2%2Fmedia&parent=144"}],"curies":[{"name":"wp","href":"https:\/\/api.w.org\/{rel}","templated":true}]}}