{"id":142,"date":"2014-02-18T11:02:41","date_gmt":"2014-02-18T10:02:41","guid":{"rendered":"http:\/\/www.it-service-leipzig.com\/?page_id=142"},"modified":"2023-07-24T12:20:52","modified_gmt":"2023-07-24T11:20:52","slug":"zfp-zubehor","status":"publish","type":"page","link":"https:\/\/www.it-service-leipzig.com\/?page_id=142","title":{"rendered":"ZfP-Zubeh\u00f6r"},"content":{"rendered":"<p><strong><span style=\"color: #0167af;\">IT-Service<\/span><\/strong><span style=\"color: #000000;\"> liefert Ihnen auch das Zubeh\u00f6r f\u00fcr Ihre Pr\u00fcfaufgaben &#8211; Ihr gesuchtes Produkt ist nicht aufgef\u00fchrt? Bitte senden Sie uns Ihre <strong><a title=\"Kontakt\" href=\"?page_id=120\">Anfrage<\/a><\/strong>.<br \/>\n<\/span><\/p>\n<p><strong>R\u00f6ntgenfilm und Filmentwicklung<\/strong><\/p>\n<ul>\n<li>Industrie-R\u00f6ntgenfilme hoher Qualit\u00e4t in g\u00e4ngigen Ausf\u00fchrungen und Ma\u00dfen<\/li>\n<li>Entwickler- und Fixierer-Chemie<\/li>\n<li>Filmentwicklungsmaschinen, Austattung f\u00fcr die Handentwicklung\/Tankentwicklung und Zubeh\u00f6r<\/li>\n<\/ul>\n<p><strong>Aufnahmetechnik<\/strong><\/p>\n<ul>\n<li>Penetrameter nach DIN EN ISO 19232-1 (alt: EN 462-1) f\u00fcr Fe, Cu, Al und Ti<\/li>\n<li>Doppel-Drahtstege nach DIN EN ISO 19232-5 (alt: EN 462-5)<\/li>\n<li>Drahtstege nach DIN EN ISO 19232-1 (alt: EN 462-1) mit Konformit\u00e4tserkl\u00e4rung<\/li>\n<li>Penetrameter nach ASTM E 1025-98, einzeln oder in S\u00e4tzen<\/li>\n<li>Drahtstege nach ASTM E 747-94<\/li>\n<li>Penetrameter nach ASTM E 1742 (MIL-STD 453)<\/li>\n<li>Bleizeichen, gegossen (Buchstaben und Zahlen in H\u00f6he 6, 8, 10 oder 13mm)<\/li>\n<li>R\u00f6ntgen-Ma\u00dfb\u00e4nder in unterschiedlichen Teilungen und Breiten<\/li>\n<li>Ma\u00dfband-Kapseln f\u00fcr die Aufbewahrung<\/li>\n<li>Aufbelichtungsschablonen (Buchstaben, Zahlen und Sonderzeichen &#8211; Firmenlogos auf Anfrage)<\/li>\n<li>Tr\u00e4gerrahmen f\u00fcr die Filmmarkierung<\/li>\n<li>Haftmagnete mit und ohne Clip<\/li>\n<li>Grundelemente und Aufs\u00e4tze f\u00fcr R\u00f6ntgenr\u00f6hren f\u00fcr Fokusdistanz oder Ellipsenaufnahmen<\/li>\n<li>Magnettaschen f\u00fcr Drahtstege\/Bildg\u00fctepr\u00fcfk\u00f6rper (BPKs)<\/li>\n<li>Tr\u00e4gerstreifen und Spangen f\u00fcr Schablonen<\/li>\n<li>Gummib\u00e4nder mit und ohne Schnalle<\/li>\n<li>Aufbewahrungsk\u00e4sten mit Unterteilung f\u00fcr Kleinteile<\/li>\n<\/ul>\n<p><strong>Dunkelkammerausstattung<\/strong><\/p>\n<ul>\n<li>Blei-Verst\u00e4rkungsfolien<\/li>\n<li>Streustrahlenfilter Pb<\/li>\n<li>Zinn-Filter<\/li>\n<li>Fluorometallfolie 308<\/li>\n<li>Stahl-Verst\u00e4rkungsfolie<\/li>\n<li>Kassetten mit Magnethaftung<\/li>\n<li>Kassetten mit Klettverschlu\u00df<\/li>\n<li>Schleusen-Kassetten aus PVC<\/li>\n<li>Ketten-Kassetten aus PVC<\/li>\n<li>Kassetten, doppelschichtig aus PVC<\/li>\n<li>Filmkassetten aus Leichtmetall<\/li>\n<li>Schlauchfolie in unterschiedlichen Breiten<\/li>\n<li>Filmschneidemaschinen und Zubeh\u00f6r<\/li>\n<li>Belichtungsschieber Ir-192 und Universal<\/li>\n<li>Film-Einschieberahmen 1-fach, 2-fach und 3-fach<\/li>\n<li>Filmrahmen mit Eckverschlu\u00df<\/li>\n<li>Filmrahmenk\u00f6rbe<\/li>\n<li>Filmspulen f\u00fcr Rollfilme<\/li>\n<li>Badw\u00e4rmer und Tankthermometer<\/li>\n<li>Dunkelkammer-L\u00fcfter (f\u00fcr station\u00e4ren und KfZ-Einbau)<\/li>\n<li>Thiosulfat-Test (Thio-Test)<\/li>\n<li>Nassfilmbetrachter 230V und 12V<\/li>\n<li>Dunkelkammerleuchten 230V, 12V und Zubeh\u00f6r<\/li>\n<li>Film-Trockenschr\u00e4nke und Trockenmaschinen<\/li>\n<\/ul>\n<p><strong>Filmauswertung<\/strong><\/p>\n<ul>\n<li>Leuchtdichte-Messger\u00e4te und Zubeh\u00f6r<\/li>\n<li>Halogen- und LED-Filmbetrachter und Zubeh\u00f6r<\/li>\n<li>Schw\u00e4rzungstreppen (BAM, NIST)<\/li>\n<li>Referenzbilder ASTM E 2422<\/li>\n<li>Vergleichskataloge ASTM E &#8230; 1648, 1320, 186, 280,<br \/>\n155, 446, 155, 272, 310, 390, 242, 192, 505, 802<\/li>\n<li>IIW-Schwei\u00dfnahtkatalog Stahl, ISO 5817<\/li>\n<li>Referenzbilder ASTM E 2660 und E 2669 (auf DVD)<\/li>\n<li>Messlupen<\/li>\n<li>Filmschutztaschen aus Pergamyn, unterschiedliche Ausf\u00fchrungen<\/li>\n<li>Hand- und Tisch-Densitometer<\/li>\n<li>Film-Markierstifte, unterschiedliche Farben<\/li>\n<\/ul>\n<p style=\"text-align: center;\"><strong>Weiteres Zubeh\u00f6r bieten wir Ihnen gern auf <a href=\"?page_id=120\">Anfrage<\/a> an!<\/strong><\/p>\n","protected":false},"excerpt":{"rendered":"<p>IT-Service liefert Ihnen auch das Zubeh\u00f6r f\u00fcr Ihre Pr\u00fcfaufgaben &#8211; Ihr gesuchtes Produkt ist nicht aufgef\u00fchrt? Bitte senden Sie uns Ihre Anfrage. R\u00f6ntgenfilm und Filmentwicklung Industrie-R\u00f6ntgenfilme hoher Qualit\u00e4t in g\u00e4ngigen Ausf\u00fchrungen und Ma\u00dfen Entwickler- und Fixierer-Chemie Filmentwicklungsmaschinen, Austattung f\u00fcr die Handentwicklung\/Tankentwicklung und Zubeh\u00f6r Aufnahmetechnik Penetrameter nach DIN EN ISO 19232-1\u2026<\/p>\n<p class=\"continue-reading-button\"> <a class=\"continue-reading-link\" href=\"https:\/\/www.it-service-leipzig.com\/?page_id=142\">Mehr lesen &#8230; Read more &#8230;<i class=\"crycon-right-dir\"><\/i><\/a><\/p>\n","protected":false},"author":1,"featured_media":0,"parent":116,"menu_order":11,"comment_status":"closed","ping_status":"closed","template":"","meta":[],"_links":{"self":[{"href":"https:\/\/www.it-service-leipzig.com\/index.php?rest_route=\/wp\/v2\/pages\/142"}],"collection":[{"href":"https:\/\/www.it-service-leipzig.com\/index.php?rest_route=\/wp\/v2\/pages"}],"about":[{"href":"https:\/\/www.it-service-leipzig.com\/index.php?rest_route=\/wp\/v2\/types\/page"}],"author":[{"embeddable":true,"href":"https:\/\/www.it-service-leipzig.com\/index.php?rest_route=\/wp\/v2\/users\/1"}],"replies":[{"embeddable":true,"href":"https:\/\/www.it-service-leipzig.com\/index.php?rest_route=%2Fwp%2Fv2%2Fcomments&post=142"}],"version-history":[{"count":24,"href":"https:\/\/www.it-service-leipzig.com\/index.php?rest_route=\/wp\/v2\/pages\/142\/revisions"}],"predecessor-version":[{"id":2301,"href":"https:\/\/www.it-service-leipzig.com\/index.php?rest_route=\/wp\/v2\/pages\/142\/revisions\/2301"}],"up":[{"embeddable":true,"href":"https:\/\/www.it-service-leipzig.com\/index.php?rest_route=\/wp\/v2\/pages\/116"}],"wp:attachment":[{"href":"https:\/\/www.it-service-leipzig.com\/index.php?rest_route=%2Fwp%2Fv2%2Fmedia&parent=142"}],"curies":[{"name":"wp","href":"https:\/\/api.w.org\/{rel}","templated":true}]}}