{"id":138,"date":"2014-02-18T11:01:55","date_gmt":"2014-02-18T10:01:55","guid":{"rendered":"http:\/\/www.it-service-leipzig.com\/?page_id=138"},"modified":"2023-07-24T11:51:07","modified_gmt":"2023-07-24T10:51:07","slug":"rontgen-industrie","status":"publish","type":"page","link":"https:\/\/www.it-service-leipzig.com\/?page_id=138","title":{"rendered":"RT &#8211; R\u00f6ntgen (Industrie)"},"content":{"rendered":"<p><strong><span style=\"color: #0167af;\">IT-Service<\/span> <\/strong>repariert, wartet und kalibriert tragbare, mobile und station\u00e4re R\u00f6ntgenanlagen nahezu aller namhaften Hersteller. Zu unseren Serviceleistungen geh\u00f6rt auch die Brennfleckvermessung von R\u00f6ntgenr\u00f6hren nach EN12543-2 und die \u00dcberpr\u00fcfung Ihrer Anlagen auf elektrische Sicherheit (DGUV Vorschrift 3\/BGV A3). Regelm\u00e4\u00dfig werkskalibrierte bzw. geeichte Pr\u00fcf- und Messmittel sind eine Garantie f\u00fcr die Verl\u00e4sslichkeit unserer Pr\u00fcfbefunde. Einen Auszug unseres Leistungsspektrums finden Sie nachfolgend:<\/p>\n<ul>\n<li>Vertrieb von Neu- und <a title=\"Gebrauchtger\u00e4te\" href=\"https:\/\/www.it-service-leipzig.com\/?page_id=558\">Gebrauchtger\u00e4ten<\/a> (unterschiedliche Hersteller)<\/li>\n<li><a title=\"Vermietung\" href=\"https:\/\/www.it-service-leipzig.com\/?page_id=160\">Vermietung<\/a> von Industrie-R\u00f6ntgenanlagen zur \u00dcberbr\u00fcckung von Reparaturzeiten oder Pr\u00fcfengp\u00e4ssen<\/li>\n<li>Vermessung und Anpassung der Ger\u00e4teparameter (nach Herstellervorgabe)<\/li>\n<li>Brennfleckvermessung und -auswertung nach EN12543-2 inkl. Dokumentation<\/li>\n<li>\u00dcberpr\u00fcfung auf elektrische Sicherheit nach\u00a0DGUV Vorschrift 3 (BGV A3) inkl. Dokumentation<\/li>\n<li>Lieferung und Anpassung von Ersatzteilen, z. B. R\u00f6ntgenr\u00f6hren, Hochspannungskabeln und Komponenten<\/li>\n<li>Instandsetzung von Hochspannungskabeln (Konen-Reparatur R10, R24, R28)<\/li>\n<li>Instandsetzung von K\u00fchlaggregaten an Gleichspannungs-R\u00f6ntgenanlagen, z. B. Lager, W\u00e4rmetauscher, Durchflussw\u00e4chter, (Wasser- bzw. \u00d6l-) Pumpe<\/li>\n<li>Dokumentation der Ger\u00e4teparameter bei wiederkehrender Pr\u00fcfung, z. B. bei Wartungsvertr\u00e4gen<\/li>\n<li>Lieferung von Verbrauchsmaterial, z. B. Silikonpaste, K\u00fchlerfrostschutz, Isolier\u00f6l etc.<\/li>\n<li>Reparaturen in unseren Pr\u00fcffeldern an den Standorten Leipzig und Haan sowie bei Ihnen &#8222;vor Ort&#8220;<\/li>\n<li>Entsorgung r\u00f6ntgentechnischer Erzeugnisse inkl. \u00dcbernahme- bzw. Entsorgungsbest\u00e4tigung zur Vorlagen bei Ihrer zust\u00e4ndigen Genehmigungsbeh\u00f6rde<\/li>\n<li>GULMAY Industrie-R\u00f6ntgenanlagen, Ersatzteile und Komponenten f\u00fcr den deutschen Markt<\/li>\n<\/ul>\n<p><span style=\"color: #000000;\"><span style=\"text-decoration: underline;\"><span style=\"text-decoration: underline;\">\u00a0Exklusivit\u00e4t:<\/span><\/span><\/span><\/p>\n<ul>\n<li>Ersatzteile f\u00fcr ANDREX CMA, BW und CP-Serie weltweit<\/li>\n<li>BALTEAU Industrie-R\u00f6ntgenanlagen, -R\u00f6ntgensysteme, Komponenten und Ersatzteile f\u00fcr den deutschen Markt<\/li>\n<\/ul>\n","protected":false},"excerpt":{"rendered":"<p>IT-Service repariert, wartet und kalibriert tragbare, mobile und station\u00e4re R\u00f6ntgenanlagen nahezu aller namhaften Hersteller. Zu unseren Serviceleistungen geh\u00f6rt auch die Brennfleckvermessung von R\u00f6ntgenr\u00f6hren nach EN12543-2 und die \u00dcberpr\u00fcfung Ihrer Anlagen auf elektrische Sicherheit (DGUV Vorschrift 3\/BGV A3). Regelm\u00e4\u00dfig werkskalibrierte bzw. geeichte Pr\u00fcf- und Messmittel sind eine Garantie f\u00fcr die Verl\u00e4sslichkeit\u2026<\/p>\n<p class=\"continue-reading-button\"> <a class=\"continue-reading-link\" href=\"https:\/\/www.it-service-leipzig.com\/?page_id=138\">Mehr lesen &#8230; Read more &#8230;<i class=\"crycon-right-dir\"><\/i><\/a><\/p>\n","protected":false},"author":1,"featured_media":0,"parent":116,"menu_order":2,"comment_status":"closed","ping_status":"closed","template":"","meta":[],"_links":{"self":[{"href":"https:\/\/www.it-service-leipzig.com\/index.php?rest_route=\/wp\/v2\/pages\/138"}],"collection":[{"href":"https:\/\/www.it-service-leipzig.com\/index.php?rest_route=\/wp\/v2\/pages"}],"about":[{"href":"https:\/\/www.it-service-leipzig.com\/index.php?rest_route=\/wp\/v2\/types\/page"}],"author":[{"embeddable":true,"href":"https:\/\/www.it-service-leipzig.com\/index.php?rest_route=\/wp\/v2\/users\/1"}],"replies":[{"embeddable":true,"href":"https:\/\/www.it-service-leipzig.com\/index.php?rest_route=%2Fwp%2Fv2%2Fcomments&post=138"}],"version-history":[{"count":33,"href":"https:\/\/www.it-service-leipzig.com\/index.php?rest_route=\/wp\/v2\/pages\/138\/revisions"}],"predecessor-version":[{"id":2289,"href":"https:\/\/www.it-service-leipzig.com\/index.php?rest_route=\/wp\/v2\/pages\/138\/revisions\/2289"}],"up":[{"embeddable":true,"href":"https:\/\/www.it-service-leipzig.com\/index.php?rest_route=\/wp\/v2\/pages\/116"}],"wp:attachment":[{"href":"https:\/\/www.it-service-leipzig.com\/index.php?rest_route=%2Fwp%2Fv2%2Fmedia&parent=138"}],"curies":[{"name":"wp","href":"https:\/\/api.w.org\/{rel}","templated":true}]}}