{"id":136,"date":"2014-02-18T11:01:31","date_gmt":"2014-02-18T10:01:31","guid":{"rendered":"http:\/\/www.it-service-leipzig.com\/?page_id=136"},"modified":"2023-07-24T11:50:30","modified_gmt":"2023-07-24T10:50:30","slug":"isotopentechnik","status":"publish","type":"page","link":"https:\/\/www.it-service-leipzig.com\/?page_id=136","title":{"rendered":"RT &#8211; Gamma Radiografie (Isotopentechnik)"},"content":{"rendered":"<ul>\n<li>Vertrieb, Wartung, Inspektion und Sachverst\u00e4ndigenpr\u00fcfung (3-Jahresinspektion) sowie Dichtheitspr\u00fcfung von\/an Ger\u00e4ten der Serie <strong>Exertus Novum<\/strong>, Serie <strong>Exertus Dual 120<\/strong>, Serie <strong>Exertus Circa<\/strong>, Serie <strong>Exertus Vox<\/strong>, Serie <strong>TI<\/strong>, Serie <strong>TK<\/strong> und Serie <strong>Se<\/strong> sowie von\/an Rohrmolchen der Typen M6 und M18<\/li>\n<li>Lieferung von Co-60, Se-75, Cs-137 und Ir-192 Strahlern einschlie\u00dflich Strahlerwechsel und R\u00fccknahme<\/li>\n<li>Lieferung von Handkurbeln, Aufsteckblenden, Kollimatoren und Zubeh\u00f6r f\u00fcr Handhabung und Manipulation<\/li>\n<li>Anfertigung von Sonderzubeh\u00f6r<\/li>\n<li>Beratung, Firstline-Service und Havarieunterst\u00fctzung<img decoding=\"async\" loading=\"lazy\" class=\"size-full wp-image-847 alignright\" src=\"https:\/\/www.it-service-leipzig.com\/wp-content\/uploads\/2014\/02\/is_komp.jpg\" alt=\"is_komp\" width=\"400\" height=\"300\" srcset=\"https:\/\/www.it-service-leipzig.com\/wp-content\/uploads\/2014\/02\/is_komp.jpg 400w, https:\/\/www.it-service-leipzig.com\/wp-content\/uploads\/2014\/02\/is_komp-300x225.jpg 300w, https:\/\/www.it-service-leipzig.com\/wp-content\/uploads\/2014\/02\/is_komp-100x75.jpg 100w, https:\/\/www.it-service-leipzig.com\/wp-content\/uploads\/2014\/02\/is_komp-150x112.jpg 150w\" sizes=\"(max-width: 400px) 100vw, 400px\" \/><\/li>\n<li>R\u00fccknahme von Altger\u00e4ten<br \/>\n(auch mit abgereichertem Uran)<\/li>\n<\/ul>\n<p style=\"padding-left: 60px;\"><span style=\"text-decoration: underline;\">In unseren Werkst\u00e4tten<\/span><\/p>\n<ul>\n<li>\n<div>Quellenbeladung (auch f\u00fcr Ger\u00e4te anderer Hersteller)<\/div>\n<\/li>\n<li>\n<div>Wechsel von Strahlerhaltern<\/div>\n<\/li>\n<li>\n<div>Ger\u00e4teinspektionen und Reparaturen<\/div>\n<\/li>\n<\/ul>\n<p style=\"padding-left: 60px;\"><span style=\"text-decoration: underline;\">Vor Ort<\/span><\/p>\n<ul>\n<li>\n<div>Strahlerwechsel und Havarieunterst\u00fctzung<\/div>\n<\/li>\n<li>\n<div>Strahlenfeldvermessungen<\/div>\n<\/li>\n<li>\n<div>Ger\u00e4tevorf\u00fchrungen und Personalschulungen<\/div>\n<\/li>\n<\/ul>\n<h4 style=\"text-align: center;\"><strong><span style=\"color: #0167af;\">Entwicklungen unserer Werkst\u00e4tten schaffen<\/span><\/strong><br \/>\n<strong><span style=\"color: #0167af;\"> bessere Arbeitsbedingungen f\u00fcr unsere Kunden<\/span><\/strong><\/h4>\n<p style=\"text-align: center;\"><a href=\"http:\/\/www.oserix.com\/\" target=\"_blank\" rel=\"noopener noreferrer\"><img decoding=\"async\" loading=\"lazy\" class=\"aligncenter wp-image-1140\" src=\"https:\/\/www.it-service-leipzig.com\/wp-content\/uploads\/2015\/11\/oserix_banner_de1.jpg\" alt=\"oserix_banner_de1\" width=\"900\" height=\"140\" srcset=\"https:\/\/www.it-service-leipzig.com\/wp-content\/uploads\/2015\/11\/oserix_banner_de1.jpg 900w, https:\/\/www.it-service-leipzig.com\/wp-content\/uploads\/2015\/11\/oserix_banner_de1-300x46.jpg 300w, https:\/\/www.it-service-leipzig.com\/wp-content\/uploads\/2015\/11\/oserix_banner_de1-125x19.jpg 125w, https:\/\/www.it-service-leipzig.com\/wp-content\/uploads\/2015\/11\/oserix_banner_de1-150x23.jpg 150w\" sizes=\"(max-width: 900px) 100vw, 900px\" \/><\/a><\/p>\n","protected":false},"excerpt":{"rendered":"<p>Vertrieb, Wartung, Inspektion und Sachverst\u00e4ndigenpr\u00fcfung (3-Jahresinspektion) sowie Dichtheitspr\u00fcfung von\/an Ger\u00e4ten der Serie Exertus Novum, Serie Exertus Dual 120, Serie Exertus Circa, Serie Exertus Vox, Serie TI, Serie TK und Serie Se sowie von\/an Rohrmolchen der Typen M6 und M18 Lieferung von Co-60, Se-75, Cs-137 und Ir-192 Strahlern einschlie\u00dflich Strahlerwechsel und\u2026<\/p>\n<p class=\"continue-reading-button\"> <a class=\"continue-reading-link\" href=\"https:\/\/www.it-service-leipzig.com\/?page_id=136\">Mehr lesen &#8230; Read more &#8230;<i class=\"crycon-right-dir\"><\/i><\/a><\/p>\n","protected":false},"author":1,"featured_media":0,"parent":116,"menu_order":1,"comment_status":"closed","ping_status":"closed","template":"","meta":[],"_links":{"self":[{"href":"https:\/\/www.it-service-leipzig.com\/index.php?rest_route=\/wp\/v2\/pages\/136"}],"collection":[{"href":"https:\/\/www.it-service-leipzig.com\/index.php?rest_route=\/wp\/v2\/pages"}],"about":[{"href":"https:\/\/www.it-service-leipzig.com\/index.php?rest_route=\/wp\/v2\/types\/page"}],"author":[{"embeddable":true,"href":"https:\/\/www.it-service-leipzig.com\/index.php?rest_route=\/wp\/v2\/users\/1"}],"replies":[{"embeddable":true,"href":"https:\/\/www.it-service-leipzig.com\/index.php?rest_route=%2Fwp%2Fv2%2Fcomments&post=136"}],"version-history":[{"count":41,"href":"https:\/\/www.it-service-leipzig.com\/index.php?rest_route=\/wp\/v2\/pages\/136\/revisions"}],"predecessor-version":[{"id":2288,"href":"https:\/\/www.it-service-leipzig.com\/index.php?rest_route=\/wp\/v2\/pages\/136\/revisions\/2288"}],"up":[{"embeddable":true,"href":"https:\/\/www.it-service-leipzig.com\/index.php?rest_route=\/wp\/v2\/pages\/116"}],"wp:attachment":[{"href":"https:\/\/www.it-service-leipzig.com\/index.php?rest_route=%2Fwp%2Fv2%2Fmedia&parent=136"}],"curies":[{"name":"wp","href":"https:\/\/api.w.org\/{rel}","templated":true}]}}