{"id":132,"date":"2014-02-18T11:00:12","date_gmt":"2014-02-18T10:00:12","guid":{"rendered":"http:\/\/www.it-service-leipzig.com\/?page_id=132"},"modified":"2024-06-10T14:36:14","modified_gmt":"2024-06-10T13:36:14","slug":"standorte","status":"publish","type":"page","link":"https:\/\/www.it-service-leipzig.com\/?page_id=132","title":{"rendered":"Standorte"},"content":{"rendered":"<p><strong><span style=\"color: #0167af;\"><br \/>\nStandort Leipzig<\/span><\/strong><br \/>\n<a href=\"https:\/\/www.it-service-leipzig.com\/wp-content\/uploads\/2014\/02\/Leipzig.jpg\" target=\"_blank\" rel=\"noopener noreferrer\"><img decoding=\"async\" loading=\"lazy\" class=\"size-medium wp-image-293 alignright\" style=\"margin: 1px; border: 0px none;\" src=\"https:\/\/www.it-service-leipzig.com\/wp-content\/uploads\/2014\/02\/Leipzig-300x198.jpg\" alt=\"Leipzig\" width=\"300\" height=\"198\" srcset=\"https:\/\/www.it-service-leipzig.com\/wp-content\/uploads\/2014\/02\/Leipzig-300x198.jpg 300w, https:\/\/www.it-service-leipzig.com\/wp-content\/uploads\/2014\/02\/Leipzig-226x150.jpg 226w, https:\/\/www.it-service-leipzig.com\/wp-content\/uploads\/2014\/02\/Leipzig-150x99.jpg 150w, https:\/\/www.it-service-leipzig.com\/wp-content\/uploads\/2014\/02\/Leipzig.jpg 822w\" sizes=\"(max-width: 300px) 100vw, 300px\" \/><\/a>(Eigentum IT-Service Leipzig GmbH)<br \/>\n500m\u00b2 Grundfl\u00e4che<br \/>\n150m\u00b2 Keller<br \/>\n15 Mitarbeiter<\/p>\n<p><span style=\"text-decoration: underline;\">Schwerpunkte:<\/span><br \/>\n&#8211; ZfP-Ger\u00e4teservice u. -Vertrieb<br \/>\n(R\u00f6ntgen, Ultraschall, UV, Magnet)I<br \/>\n&#8211; R\u00f6ntgenfilme und Zubeh\u00f6r<br \/>\n&#8211; Vertrieb von allgemeinem Verbrauchsmaterial und Zubeh\u00f6r<\/p>\n<p><strong><span style=\"color: #0167af;\">Standort Haan<\/span><\/strong><br \/>\n<a href=\"https:\/\/www.it-service-leipzig.com\/wp-content\/uploads\/2014\/02\/Haan.jpg\" target=\"_blank\" rel=\"noopener noreferrer\"><img decoding=\"async\" loading=\"lazy\" class=\"wp-image-294 alignright\" style=\"margin: 1px; border: 0px none;\" src=\"https:\/\/www.it-service-leipzig.com\/wp-content\/uploads\/2014\/02\/Haan-300x198.jpg\" alt=\"Haan\" width=\"300\" height=\"198\" srcset=\"https:\/\/www.it-service-leipzig.com\/wp-content\/uploads\/2014\/02\/Haan-300x198.jpg 300w, https:\/\/www.it-service-leipzig.com\/wp-content\/uploads\/2014\/02\/Haan-226x150.jpg 226w, https:\/\/www.it-service-leipzig.com\/wp-content\/uploads\/2014\/02\/Haan-150x99.jpg 150w, https:\/\/www.it-service-leipzig.com\/wp-content\/uploads\/2014\/02\/Haan.jpg 822w\" sizes=\"(max-width: 300px) 100vw, 300px\" \/><\/a>(angemietet von der Sauerwein-Familie)<br \/>\n550m\u00b2 Grundfl\u00e4che<br \/>\n13 Mitarbeiter<\/p>\n<p><span style=\"text-decoration: underline;\">Schwerpunkte:<br \/>\n<\/span>&#8211; Isotopenservice u. -Vertrieb<br \/>\n&#8211; Isotopentechnisches Zubeh\u00f6r<\/p>\n<p>&nbsp;<\/p>\n<p><strong><span style=\"color: #0167af;\">Standort Henrichenburg<br \/>\n<\/span><\/strong>(angemietet von der Osterholt Stahlbau GmbH)<br \/>\n800m\u00b2 Grundfl\u00e4che<a href=\"https:\/\/www.it-service-leipzig.com\/wp-content\/uploads\/2018\/05\/HRB_822x545.jpg\" target=\"_blank\" rel=\"noopener noreferrer\"><img decoding=\"async\" loading=\"lazy\" class=\"alignright wp-image-1545 size-medium\" src=\"https:\/\/www.it-service-leipzig.com\/wp-content\/uploads\/2018\/05\/HRB_822x545-300x199.jpg\" alt=\"\" width=\"300\" height=\"199\" srcset=\"https:\/\/www.it-service-leipzig.com\/wp-content\/uploads\/2018\/05\/HRB_822x545-300x199.jpg 300w, https:\/\/www.it-service-leipzig.com\/wp-content\/uploads\/2018\/05\/HRB_822x545-768x509.jpg 768w, https:\/\/www.it-service-leipzig.com\/wp-content\/uploads\/2018\/05\/HRB_822x545-150x99.jpg 150w, https:\/\/www.it-service-leipzig.com\/wp-content\/uploads\/2018\/05\/HRB_822x545.jpg 822w\" sizes=\"(max-width: 300px) 100vw, 300px\" \/><\/a><br \/>\n5 Mitarbeiter<strong><span style=\"color: #0167af;\"><br \/>\n<\/span><\/strong><\/p>\n<p><span style=\"text-decoration: underline;\">Schwerpunkte:<\/span><br \/>\n&#8211; Service an Industrie-R\u00f6ntgenanlagen<br \/>\n&#8211; Vertrieb von tragbaren, mobilen u. station\u00e4ren R\u00f6ntgenanlagen<br \/>\n&#8211; Ersatzteile und Zubeh\u00f6r<br \/>\n&#8211; Mietanlagen u. -komponenten<\/p>\n","protected":false},"excerpt":{"rendered":"<p>Standort Leipzig (Eigentum IT-Service Leipzig GmbH) 500m\u00b2 Grundfl\u00e4che 150m\u00b2 Keller 15 Mitarbeiter Schwerpunkte: &#8211; ZfP-Ger\u00e4teservice u. -Vertrieb (R\u00f6ntgen, Ultraschall, UV, Magnet)I &#8211; R\u00f6ntgenfilme und Zubeh\u00f6r &#8211; Vertrieb von allgemeinem Verbrauchsmaterial und Zubeh\u00f6r Standort Haan (angemietet von der Sauerwein-Familie) 550m\u00b2 Grundfl\u00e4che 13 Mitarbeiter Schwerpunkte: &#8211; Isotopenservice u. -Vertrieb &#8211; Isotopentechnisches Zubeh\u00f6r\u2026<\/p>\n<p class=\"continue-reading-button\"> <a class=\"continue-reading-link\" href=\"https:\/\/www.it-service-leipzig.com\/?page_id=132\">Mehr lesen &#8230; Read more &#8230;<i class=\"crycon-right-dir\"><\/i><\/a><\/p>\n","protected":false},"author":1,"featured_media":0,"parent":114,"menu_order":3,"comment_status":"closed","ping_status":"closed","template":"templates\/template-page-with-intro.php","meta":[],"_links":{"self":[{"href":"https:\/\/www.it-service-leipzig.com\/index.php?rest_route=\/wp\/v2\/pages\/132"}],"collection":[{"href":"https:\/\/www.it-service-leipzig.com\/index.php?rest_route=\/wp\/v2\/pages"}],"about":[{"href":"https:\/\/www.it-service-leipzig.com\/index.php?rest_route=\/wp\/v2\/types\/page"}],"author":[{"embeddable":true,"href":"https:\/\/www.it-service-leipzig.com\/index.php?rest_route=\/wp\/v2\/users\/1"}],"replies":[{"embeddable":true,"href":"https:\/\/www.it-service-leipzig.com\/index.php?rest_route=%2Fwp%2Fv2%2Fcomments&post=132"}],"version-history":[{"count":30,"href":"https:\/\/www.it-service-leipzig.com\/index.php?rest_route=\/wp\/v2\/pages\/132\/revisions"}],"predecessor-version":[{"id":2442,"href":"https:\/\/www.it-service-leipzig.com\/index.php?rest_route=\/wp\/v2\/pages\/132\/revisions\/2442"}],"up":[{"embeddable":true,"href":"https:\/\/www.it-service-leipzig.com\/index.php?rest_route=\/wp\/v2\/pages\/114"}],"wp:attachment":[{"href":"https:\/\/www.it-service-leipzig.com\/index.php?rest_route=%2Fwp%2Fv2%2Fmedia&parent=132"}],"curies":[{"name":"wp","href":"https:\/\/api.w.org\/{rel}","templated":true}]}}