{"id":130,"date":"2014-02-18T10:59:46","date_gmt":"2014-02-18T08:59:46","guid":{"rendered":"http:\/\/www.it-service-leipzig.com\/?page_id=130"},"modified":"2023-07-24T11:44:51","modified_gmt":"2023-07-24T10:44:51","slug":"geschaftsfelder","status":"publish","type":"page","link":"https:\/\/www.it-service-leipzig.com\/?page_id=130","title":{"rendered":"Gesch\u00e4ftsfelder"},"content":{"rendered":"<p style=\"padding-left: 30px;\"><strong><span style=\"color: #0167af;\">Mechanik-Service<\/span><br \/>\n<\/strong><\/p>\n<ul>\n<li>Wartung, Jahres-, 3-Jahresinspektion und Begleitung der Sachverst\u00e4ndigenpr\u00fcfung an Defektoskopieger\u00e4ten TI, TIF, SE und TK sowie Rohrmolchen M6 bzw. M18<\/li>\n<li>Lieferung von Co-60, Se-75 und Ir-192 Strahlern einschlie\u00dflich Strahlerhalterwechsel und R\u00fccknahme<\/li>\n<li>Anfertigung von Sonderzubeh\u00f6r<\/li>\n<li>Beratung, Firstline- und Havarieservice<\/li>\n<li>Leihger\u00e4te f\u00fcr die Defektoskopie (Vermietung)<\/li>\n<\/ul>\n<p style=\"padding-left: 30px;\"><strong><span style=\"color: #0167af;\">Elektronik-Service<\/span><\/strong><\/p>\n<ul>\n<li>Vertrieb und Firstline-Service an Ger\u00e4ten der zerst\u00f6rungsfreien Werkstoffpr\u00fcfung<\/li>\n<li>Industrie-R\u00f6ntgentechnik (f\u00fcr nahezu alle namhaften Hersteller)<\/li>\n<li>Ultraschalltechnik f\u00fcr Waygate Technologies (vormals GE, Krautkr\u00e4mer) und Sonotec<\/li>\n<li>UV-Lampen, UV-Messger\u00e4te, Filmbetrachtungsger\u00e4te, Handmagnete (verschiedene Hersteller)<\/li>\n<li>Jahreswartung nach R\u00f6V<\/li>\n<li>Brennfleckvermessung nach IEC336\/EN12543-2<\/li>\n<li>Begleitung der Sachverst\u00e4ndigenabnahme\/5-Jahres-Pr\u00fcfung<\/li>\n<li>Kalibrierung von analogen und digitalen Ultraschallger\u00e4ten nach EN12668-1<\/li>\n<li>Eichservice f\u00fcr Strahlenmessger\u00e4te<\/li>\n<li>Leuchtdichtemessung an Filmbetrachtungsger\u00e4ten nach DIN25580<\/li>\n<li>Elektrische Pr\u00fcfung ortsver\u00e4nderlicher Ger\u00e4te (DGUV Vorschrift 3\/BGV A3)<\/li>\n<li>Leihger\u00e4te f\u00fcr die Durchstrahlungs- und Ultraschallpr\u00fcfung (Vermietung)<\/li>\n<\/ul>\n<p style=\"padding-left: 30px;\"><strong><span style=\"color: #0167af;\">Strahlenschutz<\/span><\/strong><\/p>\n<ul>\n<li>Vermessen von Strahlenfeldern im baulichen Strahlenschutz<\/li>\n<li>Vertrieb von Strahlenmessger\u00e4ten, Abschirmmaterialien, Strahlenwarnzeichen<\/li>\n<li>Beratung &amp; Projektierung im baulichen Strahlenschutz<\/li>\n<li>Sonderanfertigung von kundenspezifischen Strahlenwarneinrichtungen<\/li>\n<\/ul>\n<p style=\"padding-left: 30px;\"><strong><span style=\"color: #0167af;\">Vertrieb\/Handel<\/span><\/strong><\/p>\n<ul>\n<li>Industrie-R\u00f6ntgenanlagen und r\u00f6ntgentechnisches Zubeh\u00f6r<\/li>\n<li>Ultraschallger\u00e4te und Zubeh\u00f6r<\/li>\n<li>Entwicklermaschinen f\u00fcr R\u00f6ntgenfilme<\/li>\n<li>R\u00f6ntgenfilme und Zubeh\u00f6r<\/li>\n<li>Entwickler- und Fixierchemikalien<\/li>\n<li>Oberfl\u00e4chen-Risspr\u00fcfmittel PT\/MT<\/li>\n<li>Ger\u00e4te Kontrollk\u00f6rper, Hilfsmittel f\u00fcr PT\/MT<\/li>\n<li>Ger\u00e4te und Pr\u00fcfmittel zur Vakuum-Lecksuche<\/li>\n<li>H\u00e4rtepr\u00fcfger\u00e4te und Handmagneten<\/li>\n<\/ul>\n","protected":false},"excerpt":{"rendered":"<p>Mechanik-Service Wartung, Jahres-, 3-Jahresinspektion und Begleitung der Sachverst\u00e4ndigenpr\u00fcfung an Defektoskopieger\u00e4ten TI, TIF, SE und TK sowie Rohrmolchen M6 bzw. M18 Lieferung von Co-60, Se-75 und Ir-192 Strahlern einschlie\u00dflich Strahlerhalterwechsel und R\u00fccknahme Anfertigung von Sonderzubeh\u00f6r Beratung, Firstline- und Havarieservice Leihger\u00e4te f\u00fcr die Defektoskopie (Vermietung) Elektronik-Service Vertrieb und Firstline-Service an Ger\u00e4ten der\u2026<\/p>\n<p class=\"continue-reading-button\"> <a class=\"continue-reading-link\" href=\"https:\/\/www.it-service-leipzig.com\/?page_id=130\">Mehr lesen &#8230; Read more &#8230;<i class=\"crycon-right-dir\"><\/i><\/a><\/p>\n","protected":false},"author":1,"featured_media":0,"parent":114,"menu_order":2,"comment_status":"closed","ping_status":"closed","template":"templates\/template-page-with-intro.php","meta":[],"_links":{"self":[{"href":"https:\/\/www.it-service-leipzig.com\/index.php?rest_route=\/wp\/v2\/pages\/130"}],"collection":[{"href":"https:\/\/www.it-service-leipzig.com\/index.php?rest_route=\/wp\/v2\/pages"}],"about":[{"href":"https:\/\/www.it-service-leipzig.com\/index.php?rest_route=\/wp\/v2\/types\/page"}],"author":[{"embeddable":true,"href":"https:\/\/www.it-service-leipzig.com\/index.php?rest_route=\/wp\/v2\/users\/1"}],"replies":[{"embeddable":true,"href":"https:\/\/www.it-service-leipzig.com\/index.php?rest_route=%2Fwp%2Fv2%2Fcomments&post=130"}],"version-history":[{"count":25,"href":"https:\/\/www.it-service-leipzig.com\/index.php?rest_route=\/wp\/v2\/pages\/130\/revisions"}],"predecessor-version":[{"id":2285,"href":"https:\/\/www.it-service-leipzig.com\/index.php?rest_route=\/wp\/v2\/pages\/130\/revisions\/2285"}],"up":[{"embeddable":true,"href":"https:\/\/www.it-service-leipzig.com\/index.php?rest_route=\/wp\/v2\/pages\/114"}],"wp:attachment":[{"href":"https:\/\/www.it-service-leipzig.com\/index.php?rest_route=%2Fwp%2Fv2%2Fmedia&parent=130"}],"curies":[{"name":"wp","href":"https:\/\/api.w.org\/{rel}","templated":true}]}}