{"id":1274,"date":"2016-02-26T11:53:28","date_gmt":"2016-02-26T10:53:28","guid":{"rendered":"http:\/\/www.it-service-leipzig.com\/?page_id=1274"},"modified":"2023-07-24T13:00:15","modified_gmt":"2023-07-24T12:00:15","slug":"radishield","status":"publish","type":"page","link":"https:\/\/www.it-service-leipzig.com\/?page_id=1274","title":{"rendered":"Radifend"},"content":{"rendered":"<p><strong>Was ist Radifend?<\/strong><br \/>\nRadifend ist ein patentiertes, beschichtetes, flexibles und dehnbares System, das entwickelt wurde, um Arbeiter im nuklearen Arbeitsumfeld vor sch\u00e4dlichen R\u00f6ntgen- und Gammastrahlen zu sch\u00fctzen (Strahlenschutz). Es wurde entworfen, um Bereiche abzuschirmen, die mit herk\u00f6mmlichen Materialien nicht oder nur schwer gesch\u00fctzt werden k\u00f6nnen.<\/p>\n<p><img decoding=\"async\" loading=\"lazy\" class=\"aligncenter wp-image-1275 size-full\" src=\"https:\/\/www.it-service-leipzig.com\/wp-content\/uploads\/2016\/02\/bilder1.jpg\" alt=\"bilder1\" width=\"862\" height=\"180\" srcset=\"https:\/\/www.it-service-leipzig.com\/wp-content\/uploads\/2016\/02\/bilder1.jpg 862w, https:\/\/www.it-service-leipzig.com\/wp-content\/uploads\/2016\/02\/bilder1-300x63.jpg 300w, https:\/\/www.it-service-leipzig.com\/wp-content\/uploads\/2016\/02\/bilder1-768x160.jpg 768w, https:\/\/www.it-service-leipzig.com\/wp-content\/uploads\/2016\/02\/bilder1-125x26.jpg 125w, https:\/\/www.it-service-leipzig.com\/wp-content\/uploads\/2016\/02\/bilder1-150x31.jpg 150w\" sizes=\"(max-width: 862px) 100vw, 862px\" \/><\/p>\n<p><strong>Radifend &#8211; Silicone Radiation Shielding<\/strong><br \/>\n<span style=\"font-size: 12.0pt; font-family: 'Times New Roman','serif'; mso-fareast-font-family: 'Times New Roman'; mso-fareast-language: DE;\"><br \/>\n<\/span>\u2022\u00a0\u00a0 \u00a0hohe Temperaturbest\u00e4ndigkeit (-85\u00b0C bis 200\u00b0C)<img decoding=\"async\" loading=\"lazy\" class=\"alignright size-full wp-image-1285\" src=\"https:\/\/www.it-service-leipzig.com\/wp-content\/uploads\/2016\/02\/formen.jpg\" alt=\"formen\" width=\"222\" height=\"148\" srcset=\"https:\/\/www.it-service-leipzig.com\/wp-content\/uploads\/2016\/02\/formen.jpg 222w, https:\/\/www.it-service-leipzig.com\/wp-content\/uploads\/2016\/02\/formen-113x75.jpg 113w, https:\/\/www.it-service-leipzig.com\/wp-content\/uploads\/2016\/02\/formen-150x100.jpg 150w\" sizes=\"(max-width: 222px) 100vw, 222px\" \/><br \/>\n\u2022\u00a0\u00a0 \u00a0feuerhemmend<br \/>\n\u2022\u00a0\u00a0 \u00a0wasser-\/dampffest<br \/>\n\u2022\u00a0\u00a0\u00a0 Flexibles Material, kann gebogen und geformt werden<br \/>\n\u2022\u00a0\u00a0 \u00a0geringer Gehalt an Chlor, Fluor, Schwefel (geeignet f\u00fcr Kontakt mit rostfreiem Stahl)<br \/>\n\u2022\u00a0\u00a0 \u00a0einfache Dekontamination oder Reinigung<br \/>\n\u2022\u00a0\u00a0\u00a0 gekapselt und hermetisch versiegelt und ohne scharfe Kanten<br \/>\n\u2022\u00a0\u00a0 \u00a0erh\u00e4ltlich als flache Platten (Standard) oder nach Ma\u00df (auf Anfrage)<br \/>\n\u2022\u00a0\u00a0\u00a0 integrierte Polymerverst\u00e4rkung f\u00fcr zus\u00e4tzliche Festigkeit<br \/>\n\u2022\u00a0\u00a0\u00a0 Platten k\u00f6nnen ab Werk mit Edelstahl\u00f6sen versehen werden, wenn ein Aufh\u00e4ngen geplant ist<br \/>\n\u2022\u00a0\u00a0\u00a0 zus\u00e4tzliche Schutzh\u00fclle aus PVC verf\u00fcgbar, diese bietet zus\u00e4tzlichen Schutz f\u00fcr das Material, wenn es in rauhen Umgebungen eingesetzt wird.<br \/>\n\u2022\u00a0\u00a0 \u00a0Standardfarbe:\u00a0 gelb<\/p>\n<p><strong>Standardma\u00dfe (Platten):<\/strong><\/p>\n<p>\u2022\u00a0\u00a0\u00a0 915 x 305 x 9,5mm, Gewicht: ca. 11,0kg\/Platte<br \/>\n\u2022\u00a0\u00a0\u00a0 915 x 305 x 16mm, Gewicht: ca. 21,0kg\/Platte<br \/>\n\u2022\u00a0\u00a0\u00a0 Gr\u00f6\u00dfen, die nicht dem Standard entsprechen, sind auf Anfrage erh\u00e4ltlich<\/p>\n<h5><div id=\"footable_parent_2103\"\n         class=\" footable_parent ninja_table_wrapper loading_ninja_table wp_table_data_press_parent semantic_ui \">\n                <table data-ninja_table_instance=\"ninja_table_instance_0\" data-footable_id=\"2103\" data-filter-delay=\"1000\" aria-label=\"Radifend - Abschirmcharakteristiken\"            id=\"footable_2103\"\n           data-unique_identifier=\"ninja_table_unique_id_975658812_2103\"\n           class=\" foo-table ninja_footable foo_table_2103 ninja_table_unique_id_975658812_2103 ui table  nt_type_ajax_table single line selectable striped vertical_centered  footable-paging-right ninja_table_search_disabled\">\n                <colgroup>\n                            <col class=\"ninja_column_0 \">\n                            <col class=\"ninja_column_1 \">\n                            <col class=\"ninja_column_2 \">\n                            <col class=\"ninja_column_3 \">\n                            <col class=\"ninja_column_4 \">\n                    <\/colgroup>\n            <\/table>\n                    <style type=\"text\/css\" id='ninja_table_custom_css_2103'>\n                        #footable_2103  {\n    font-family: ;\n    font-size: px;\n    }\n\n    \n                <\/style>\n                \n    \n    \n<\/div>\n<br \/>\n<em>(Herstellerangaben &#8211; keine Gew\u00e4hr durch IT-Service)<\/em><\/h5>\n<p><img decoding=\"async\" loading=\"lazy\" class=\"aligncenter size-full wp-image-1303\" src=\"https:\/\/www.it-service-leipzig.com\/wp-content\/uploads\/2016\/02\/Radishield003.jpg\" alt=\"Radishield003\" width=\"1134\" height=\"123\" srcset=\"https:\/\/www.it-service-leipzig.com\/wp-content\/uploads\/2016\/02\/Radishield003.jpg 1134w, https:\/\/www.it-service-leipzig.com\/wp-content\/uploads\/2016\/02\/Radishield003-300x33.jpg 300w, https:\/\/www.it-service-leipzig.com\/wp-content\/uploads\/2016\/02\/Radishield003-768x83.jpg 768w, https:\/\/www.it-service-leipzig.com\/wp-content\/uploads\/2016\/02\/Radishield003-1024x111.jpg 1024w, https:\/\/www.it-service-leipzig.com\/wp-content\/uploads\/2016\/02\/Radishield003-125x14.jpg 125w, https:\/\/www.it-service-leipzig.com\/wp-content\/uploads\/2016\/02\/Radishield003-150x16.jpg 150w\" sizes=\"(max-width: 1134px) 100vw, 1134px\" \/><\/p>\n","protected":false},"excerpt":{"rendered":"<p>Was ist Radifend? Radifend ist ein patentiertes, beschichtetes, flexibles und dehnbares System, das entwickelt wurde, um Arbeiter im nuklearen Arbeitsumfeld vor sch\u00e4dlichen R\u00f6ntgen- und Gammastrahlen zu sch\u00fctzen (Strahlenschutz). Es wurde entworfen, um Bereiche abzuschirmen, die mit herk\u00f6mmlichen Materialien nicht oder nur schwer gesch\u00fctzt werden k\u00f6nnen. Radifend &#8211; Silicone Radiation Shielding\u2026<\/p>\n<p class=\"continue-reading-button\"> <a class=\"continue-reading-link\" href=\"https:\/\/www.it-service-leipzig.com\/?page_id=1274\">Mehr lesen &#8230; Read more &#8230;<i class=\"crycon-right-dir\"><\/i><\/a><\/p>\n","protected":false},"author":1,"featured_media":0,"parent":144,"menu_order":0,"comment_status":"closed","ping_status":"closed","template":"","meta":[],"_links":{"self":[{"href":"https:\/\/www.it-service-leipzig.com\/index.php?rest_route=\/wp\/v2\/pages\/1274"}],"collection":[{"href":"https:\/\/www.it-service-leipzig.com\/index.php?rest_route=\/wp\/v2\/pages"}],"about":[{"href":"https:\/\/www.it-service-leipzig.com\/index.php?rest_route=\/wp\/v2\/types\/page"}],"author":[{"embeddable":true,"href":"https:\/\/www.it-service-leipzig.com\/index.php?rest_route=\/wp\/v2\/users\/1"}],"replies":[{"embeddable":true,"href":"https:\/\/www.it-service-leipzig.com\/index.php?rest_route=%2Fwp%2Fv2%2Fcomments&post=1274"}],"version-history":[{"count":24,"href":"https:\/\/www.it-service-leipzig.com\/index.php?rest_route=\/wp\/v2\/pages\/1274\/revisions"}],"predecessor-version":[{"id":2303,"href":"https:\/\/www.it-service-leipzig.com\/index.php?rest_route=\/wp\/v2\/pages\/1274\/revisions\/2303"}],"up":[{"embeddable":true,"href":"https:\/\/www.it-service-leipzig.com\/index.php?rest_route=\/wp\/v2\/pages\/144"}],"wp:attachment":[{"href":"https:\/\/www.it-service-leipzig.com\/index.php?rest_route=%2Fwp%2Fv2%2Fmedia&parent=1274"}],"curies":[{"name":"wp","href":"https:\/\/api.w.org\/{rel}","templated":true}]}}