{"id":1093,"date":"2015-09-10T07:27:25","date_gmt":"2015-09-10T06:27:25","guid":{"rendered":"http:\/\/www.it-service-leipzig.com\/?page_id=1093"},"modified":"2023-07-24T12:07:51","modified_gmt":"2023-07-24T11:07:51","slug":"hochspannungskabel-fuer-industrielle-roentgenanwendungen","status":"publish","type":"page","link":"https:\/\/www.it-service-leipzig.com\/?page_id=1093","title":{"rendered":"Hochspannungskabel"},"content":{"rendered":"<p style=\"text-align: justify;\">Standard-Stecker sind in gerader Ausf\u00fchrung oder 90\u00b0 abgewinkelt lieferbar. Standardl\u00e4ngen f\u00fcr Hochspannungskabel im industriellen Bereich sind 5m, 10m, 15m und 20m. Im Bereich der Dickenmessung werden auch Kabel mit 3,5m oder 7m L\u00e4nge eingesetzt. Zwischenl\u00e4ngen oder Kabel &gt;20m L\u00e4nge sind ebenfalls lieferbar, jedoch mit einer deutlich l\u00e4ngeren Lieferzeit (Sonderanfertigung). Bitte beachten Sie bei Sonderkabell\u00e4ngen eventuelle Hinweise des Herstellers Ihrer R\u00f6ntgeneinrichtung bez\u00fcglich einer notwendigen Begrenzung der Leistung. Zur Befestigung des HS-Steckers in der HS-Steckdose des Generators oder der R\u00f6ntgenr\u00f6hre dienen Flansche oder Schnellverschl\u00fcsse (Quicklock bzw. Kniehebelvorrichtung).<\/p>\n<p style=\"text-align: justify;\"><b>Hochspannungs-Steckverbindungen m\u00fcssen regelm\u00e4\u00dfig gewartet werden. Die Frequenz der Wartungsintervalle ist von der Intensit\u00e4t der Nutzung Ihrer R\u00f6ntgeneinrichtung und von den vorherrschenden Umgebungsbedingungen abh\u00e4ngig. <span style=\"text-decoration: underline;\">Im Normalfall sollte die Wartung sp\u00e4testens alle drei bis sechs Monate erfolgen.<\/span> Um Lufteinschl\u00fcsse zwischen dem Isolator der HS-Steckdose und dem Konus des HS-Steckers zu vermeiden, ist die Verwendung von speziellem Silikonfett zwingend erforderlich. Eine fehlerhafte oder nicht erfolgte Wartung kann zu Sch\u00e4den an Ihrer R\u00f6ntgeneinrichtung f\u00fchren (ggf. auch zum Ausschluss von Garantieleistungen durch den Hersteller der R\u00f6ntgeneinrichtung).<\/b><\/p>\n<p><b><span style=\"text-decoration: underline;\">Hochspannungs-Stecker (Standard):<\/span><\/b><\/p>\n<p>R10\u00a0\u00a0\u00a0\u00a0\u00a0\u00a0\u00a0\u00a0\u00a0\u00a0\u00a0\u00a0\u00a0\u00a0\u00a0\u00a0\u00a0\u00a0\u00a0\u00a0\u00a0\u00a0\u00a0 100kV<br \/>\nR24\u00a0\u00a0\u00a0\u00a0\u00a0\u00a0\u00a0\u00a0\u00a0\u00a0\u00a0\u00a0\u00a0\u00a0\u00a0\u00a0\u00a0\u00a0\u00a0\u00a0\u00a0\u00a0\u00a0 160kV &#8211; 200kV\u00a0 (auch federbelastet)<br \/>\nR28\u00a0\u00a0\u00a0\u00a0\u00a0\u00a0\u00a0\u00a0\u00a0\u00a0\u00a0\u00a0\u00a0\u00a0\u00a0\u00a0\u00a0\u00a0\u00a0\u00a0\u00a0\u00a0\u00a0 225kV &#8211; 250kV\u00a0 (auch federbelastet)<br \/>\nR30\u00a0\u00a0\u00a0\u00a0\u00a0\u00a0\u00a0\u00a0\u00a0\u00a0\u00a0\u00a0\u00a0\u00a0\u00a0\u00a0\u00a0\u00a0\u00a0\u00a0\u00a0\u00a0\u00a0 210kV &#8211; 300kV<\/p>\n<p><b><span style=\"text-decoration: underline;\">Hochspannungs-Stecker (Sonderformen):<\/span><\/b><\/p>\n<p>Flachstecker\u00a0\u00a0\u00a0\u00a0\u00a0\u00a0\u00a0\u00a0 160kV (wartungsfrei, Seifert\/GE)<br \/>\n3\/4 Pin\u00a0\u00a0\u00a0\u00a0\u00a0\u00a0\u00a0\u00a0\u00a0 \u00a0 \u00a0 \u00a0 \u00a0\u00a0 \u00a0\u00a0\u00a0 75kV \u2013 100kV<br \/>\nR23\u00a0\u00a0\u00a0\u00a0\u00a0\u00a0\u00a0\u00a0\u00a0\u00a0\u00a0 \u00a0 \u00a0\u00a0\u00a0 \u00a0 \u00a0 \u00a0 \u00a0 \u00a0\u00a0\u00a0 210kV<br \/>\nR27\u00a0\u00a0\u00a0\u00a0\u00a0\u00a0\u00a0\u00a0\u00a0\u00a0\u00a0\u00a0\u00a0\u00a0\u00a0 \u00a0 \u00a0\u00a0 \u00a0 \u00a0\u00a0\u00a0\u00a0 \u00a0 100kV<br \/>\nPantak\u00a0\u00a0\u00a0\u00a0\u00a0\u00a0\u00a0\u00a0\u00a0\u00a0\u00a0\u00a0\u00a0 \u00a0 \u00a0 \u00a0\u00a0 \u00a0 150kV\/160kV<br \/>\nShort-Tip\u00a0\u00a0\u00a0\u00a0\u00a0\u00a0\u00a0\u00a0\u00a0\u00a0 \u00a0 \u00a0 \u00a0\u00a0 160kV\u00a0\u00a0\u00a0 (R24 \u201ekurz\u201c)<\/p>\n<p><b><span style=\"text-decoration: underline;\">Hochspannungskabel (mit PVC-Mantel):<\/span><\/b><\/p>\n<p><b>Spannung\u00a0\u00a0\u00a0\u00a0\u00a0\u00a0\u00a0\u00a0 Biegeradius min. \u00a0\u00a0\u00a0\u00a0\u00a0\u00a0\u00a0\u00a0\u00a0\u00a0\u00a0 kg\/m<br \/>\n<\/b>75kV\u00a0\u00a0\u00a0\u00a0\u00a0\u00a0\u00a0\u00a0\u00a0\u00a0\u00a0\u00a0\u00a0 \u00a0 \u00a0 \u00a0\u00a0\u00a0\u00a0\u00a0\u00a0 ca. 80mm\u00a0\u00a0\u00a0\u00a0\u00a0\u00a0\u00a0\u00a0\u00a0\u00a0\u00a0\u00a0\u00a0\u00a0\u00a0\u00a0\u00a0\u00a0\u00a0\u00a0\u00a0\u00a0\u00a0\u00a0\u00a0\u00a0 \u00a0 \u00a0\u00a0 \u00a0 ca. 0,4kg<br \/>\n100kV\u00a0\u00a0\u00a0\u00a0\u00a0\u00a0\u00a0\u00a0\u00a0\u00a0\u00a0\u00a0\u00a0 \u00a0\u00a0 \u00a0\u00a0\u00a0\u00a0 ca. 100mm\u00a0\u00a0\u00a0\u00a0\u00a0\u00a0\u00a0\u00a0\u00a0\u00a0\u00a0\u00a0\u00a0\u00a0\u00a0\u00a0\u00a0\u00a0\u00a0\u00a0\u00a0\u00a0 \u00a0 \u00a0 \u00a0 \u00a0\u00a0 ca. 0,6kg<br \/>\n160kV\u00a0\u00a0\u00a0\u00a0\u00a0\u00a0\u00a0 \u00a0\u00a0 \u00a0\u00a0\u00a0\u00a0\u00a0\u00a0\u00a0\u00a0\u00a0\u00a0 ca. 150mm\u00a0\u00a0\u00a0\u00a0\u00a0\u00a0\u00a0\u00a0\u00a0\u00a0\u00a0\u00a0\u00a0\u00a0\u00a0\u00a0\u00a0\u00a0\u00a0\u00a0\u00a0\u00a0\u00a0\u00a0\u00a0\u00a0\u00a0\u00a0\u00a0\u00a0\u00a0 ca. 1,0kg<br \/>\n250kV\u00a0\u00a0\u00a0\u00a0\u00a0\u00a0\u00a0\u00a0\u00a0\u00a0\u00a0 \u00a0 \u00a0\u00a0 \u00a0\u00a0\u00a0\u00a0 ca. 190mm\u00a0\u00a0\u00a0\u00a0\u00a0\u00a0\u00a0\u00a0\u00a0\u00a0\u00a0\u00a0\u00a0\u00a0\u00a0\u00a0\u00a0\u00a0\u00a0\u00a0\u00a0\u00a0\u00a0\u00a0 \u00a0 \u00a0\u00a0 \u00a0 ca. 1,7kg<\/p>\n<p><b><span style=\"text-decoration: underline;\">Neue Hochspannungskabel:<br \/>\n<\/span><\/b>Im Normalfall sind nachfolgende Standard-Hochspannungskabel <span style=\"text-decoration: underline;\">ab Lager IT-Service<\/span> lieferbar:<\/p>\n<ul>\n<li>Hochspannungskabel, 160kV, 2 x R24 gerade, L\u00e4nge 5m\u00a0\u00a0\u00a0\u00a0\u00a0\u00a0\u00a0 (alternativ: N3\/160-R24-R24-5M)<\/li>\n<li>Hochspannungskabel, 160kV, 2 x R24 gerade, L\u00e4nge 10m\u00a0\u00a0\u00a0\u00a0 (alternativ: N3\/160-R24-R24-10M)<\/li>\n<li>Hochspannungskabel, 160kV, 2 x R24 gerade, L\u00e4nge 15m\u00a0\u00a0\u00a0\u00a0 (alternativ: N3\/160-R24-R24-15M)<\/li>\n<li>Hochspannungskabel, 160kV, 2 x R24 gerade, L\u00e4nge 20m\u00a0\u00a0\u00a0\u00a0 (alternativ: N3\/160-R24-R24-20M)<\/li>\n<li>Hochspannungskabel, 225kV, R24\/R28 gerade, L\u00e4nge 15m\u00a0\u00a0 (alternativ: P3\/250-R24-R28-15M)<\/li>\n<\/ul>\n<p><strong>Weitere Hochspannungskabel, je nach Verf\u00fcgbarkeit auch gebraucht, bieten wir Ihnen gern auf <a title=\"Kontakt\" href=\"https:\/\/www.it-service-leipzig.com\/?page_id=120\" target=\"_blank\" rel=\"noopener\">Anfrage<\/a> an. Ihre <a title=\"Kontakt\" href=\"https:\/\/www.it-service-leipzig.com\/?page_id=120\" target=\"_blank\" rel=\"noopener\">Anfrage<\/a> sollte folgende Angaben enthalten, damit wir Ihnen ein Angebot unterbreiten k\u00f6nnen:<\/strong><\/p>\n<ul>\n<li>Art des Hochspannungskabel, z. B. 160kV<\/li>\n<li>Art der HS-Steckdose R\u00f6hrenseite oder benennen Sie uns den Typ der R\u00f6ntgenr\u00f6hre<\/li>\n<li>Art der HS-Steckdose Generatorseite oder benennen Sie uns den Typ des Generators<\/li>\n<li>Gew\u00fcnschte L\u00e4nge des Hochspannungskabels in m<\/li>\n<li>Angabe ob HS-Stecker in gerader oder abgewinkelter Ausf\u00fchrung erforderlich sind, wenn keine Angabe erfolgt, gehen wir von gerader Ausf\u00fchrung aus<\/li>\n<li>Angabe, ob Zubeh\u00f6r erforderlich ist, z. B. R\u00f6hren- oder Generator-Flansch (soweit nicht von vorhandener Anlage wiederverwendbar)<\/li>\n<\/ul>\n<p style=\"text-align: justify;\">F\u00fcr neu zu fertigende Hochspannungskabel in Standardausf\u00fchrung betr\u00e4gt die durchschnittliche Lieferzeit ca. 3 \u2013 4 Wochen. Sonderkabel auf <a title=\"Kontakt\" href=\"https:\/\/www.it-service-leipzig.com\/?page_id=120\" target=\"_blank\" rel=\"noopener\">Anfrage<\/a>.<\/p>\n<p style=\"text-align: justify;\"><b><span style=\"text-decoration: underline;\">Instandsetzung von Hochspannungskabeln (Konus-Reparatur):<\/span><\/b><\/p>\n<p style=\"text-align: justify;\">Besch\u00e4digte HS-Stecker der Typen R10, R24 und R28 k\u00f6nnen ausgetauscht werden. Dies setzt voraus, dass das Hochspannungskabel allgemein in einem guten Zustand und die Restl\u00e4nge nach Instandsetzung noch ausreichend f\u00fcr einen st\u00f6rungsfreien Betrieb des Kabels ist. (Bei Austausch eines HS-Steckers betr\u00e4gt der L\u00e4ngenverlust des Kabels ca. 30 \u2013 50cm.) Die durchschnittliche Lieferzeit bei einer Reparatur betr\u00e4gt ca. 2 \u2013 3 Wochen.<\/p>\n<p style=\"text-align: justify;\">F\u00fcr eventuelle <a title=\"Kontakt\" href=\"https:\/\/www.it-service-leipzig.com\/?page_id=120\" target=\"_blank\" rel=\"noopener\">R\u00fcckfragen und weitere Informationen<\/a> stehen wir Ihnen gern zur Verf\u00fcgung.<\/p>\n","protected":false},"excerpt":{"rendered":"<p>Standard-Stecker sind in gerader Ausf\u00fchrung oder 90\u00b0 abgewinkelt lieferbar. Standardl\u00e4ngen f\u00fcr Hochspannungskabel im industriellen Bereich sind 5m, 10m, 15m und 20m. Im Bereich der Dickenmessung werden auch Kabel mit 3,5m oder 7m L\u00e4nge eingesetzt. Zwischenl\u00e4ngen oder Kabel &gt;20m L\u00e4nge sind ebenfalls lieferbar, jedoch mit einer deutlich l\u00e4ngeren Lieferzeit (Sonderanfertigung). Bitte\u2026<\/p>\n<p class=\"continue-reading-button\"> <a class=\"continue-reading-link\" href=\"https:\/\/www.it-service-leipzig.com\/?page_id=1093\">Mehr lesen &#8230; Read more &#8230;<i class=\"crycon-right-dir\"><\/i><\/a><\/p>\n","protected":false},"author":1,"featured_media":0,"parent":138,"menu_order":2,"comment_status":"closed","ping_status":"closed","template":"","meta":[],"_links":{"self":[{"href":"https:\/\/www.it-service-leipzig.com\/index.php?rest_route=\/wp\/v2\/pages\/1093"}],"collection":[{"href":"https:\/\/www.it-service-leipzig.com\/index.php?rest_route=\/wp\/v2\/pages"}],"about":[{"href":"https:\/\/www.it-service-leipzig.com\/index.php?rest_route=\/wp\/v2\/types\/page"}],"author":[{"embeddable":true,"href":"https:\/\/www.it-service-leipzig.com\/index.php?rest_route=\/wp\/v2\/users\/1"}],"replies":[{"embeddable":true,"href":"https:\/\/www.it-service-leipzig.com\/index.php?rest_route=%2Fwp%2Fv2%2Fcomments&post=1093"}],"version-history":[{"count":26,"href":"https:\/\/www.it-service-leipzig.com\/index.php?rest_route=\/wp\/v2\/pages\/1093\/revisions"}],"predecessor-version":[{"id":2291,"href":"https:\/\/www.it-service-leipzig.com\/index.php?rest_route=\/wp\/v2\/pages\/1093\/revisions\/2291"}],"up":[{"embeddable":true,"href":"https:\/\/www.it-service-leipzig.com\/index.php?rest_route=\/wp\/v2\/pages\/138"}],"wp:attachment":[{"href":"https:\/\/www.it-service-leipzig.com\/index.php?rest_route=%2Fwp%2Fv2%2Fmedia&parent=1093"}],"curies":[{"name":"wp","href":"https:\/\/api.w.org\/{rel}","templated":true}]}}