{"id":1083,"date":"2015-08-27T11:30:27","date_gmt":"2015-08-27T10:30:27","guid":{"rendered":"http:\/\/www.it-service-leipzig.com\/?page_id=1083"},"modified":"2023-07-24T12:06:46","modified_gmt":"2023-07-24T11:06:46","slug":"industrie-roentgenroehren","status":"publish","type":"page","link":"https:\/\/www.it-service-leipzig.com\/?page_id=1083","title":{"rendered":"Industrie-R\u00f6ntgenr\u00f6hren"},"content":{"rendered":"<table border=\"0\" width=\"409\" cellspacing=\"0\" cellpadding=\"0\">\n<tbody>\n<tr>\n<td width=\"91\" height=\"40\">R\u00f6hrentyp<\/td>\n<td width=\"40\">kV max<\/td>\n<td width=\"44\">mA max [gBf]<\/td>\n<td width=\"62\">BF EN12543<br \/>\n[mm] = D<\/td>\n<td width=\"59\">Watt [W]<\/td>\n<td width=\"68\">Ausstr.-<br \/>\nwinkel<\/td>\n<td width=\"45\">HS<\/td>\n<\/tr>\n<tr>\n<td width=\"91\" height=\"20\"><strong>RTW<\/strong><\/td>\n<td width=\"40\"><\/td>\n<td width=\"44\"><\/td>\n<td width=\"62\"><\/td>\n<td width=\"59\"><\/td>\n<td width=\"68\"><\/td>\n<td width=\"45\"><\/td>\n<\/tr>\n<tr>\n<td height=\"20\">MCD 100H-1<\/td>\n<td>100<\/td>\n<td>6,4<\/td>\n<td>1,0<\/td>\n<td>640<\/td>\n<td>40\u00b0<\/td>\n<td>R24<\/td>\n<\/tr>\n<tr>\n<td height=\"20\">MCD 100H-3<\/td>\n<td>100<\/td>\n<td>15<\/td>\n<td>3,0<\/td>\n<td>1500<\/td>\n<td>40\u00b0<\/td>\n<td>R24<\/td>\n<\/tr>\n<tr>\n<td height=\"20\">MCR 120A-2,5<\/td>\n<td>120<\/td>\n<td>3<\/td>\n<td>2,5<\/td>\n<td>360<\/td>\n<td>40\u00b0 x 360\u00b0<\/td>\n<td>R24<\/td>\n<\/tr>\n<tr>\n<td height=\"20\">MCTS 130A-0,6<\/td>\n<td>130<\/td>\n<td>1,15<\/td>\n<td>1,5<\/td>\n<td>150<\/td>\n<td>168\u00b0 x 360\u00b0<\/td>\n<td>R24<\/td>\n<\/tr>\n<tr>\n<td height=\"20\"><strong>COMET<\/strong><\/td>\n<td><\/td>\n<td><\/td>\n<td><\/td>\n<td><\/td>\n<td><\/td>\n<td><\/td>\n<\/tr>\n<tr>\n<td height=\"20\">CXR-102<\/td>\n<td>100<\/td>\n<td>6<\/td>\n<td>2,0<\/td>\n<td>600<\/td>\n<td>40\u00b0<\/td>\n<td>R10<\/td>\n<\/tr>\n<tr>\n<td height=\"20\">CXR-105<\/td>\n<td>100<\/td>\n<td>10<\/td>\n<td>3,0<\/td>\n<td>1000<\/td>\n<td>40\u00b0<\/td>\n<td>R10<\/td>\n<\/tr>\n<tr>\n<td height=\"20\">CXR-150<\/td>\n<td>150<\/td>\n<td>6,6<\/td>\n<td>2,0<\/td>\n<td>1000<\/td>\n<td>65\u00b0 x 35\u00b0<\/td>\n<td>R24<\/td>\n<\/tr>\n<tr>\n<td height=\"20\">MXR-75\/30<\/td>\n<td>75<\/td>\n<td>13,3<\/td>\n<td>5,5<\/td>\n<td>1000<\/td>\n<td>40\u00b0<\/td>\n<td>CA11<\/td>\n<\/tr>\n<tr>\n<td height=\"20\">MXR-75HP\/20<\/td>\n<td>75<\/td>\n<td>13,3<\/td>\n<td>1,0<\/td>\n<td>1000<\/td>\n<td>40\u00b0<\/td>\n<td>CA11<\/td>\n<\/tr>\n<tr>\n<td height=\"20\">MXR-75HP\/20 FB<\/td>\n<td>75<\/td>\n<td>13,3<\/td>\n<td>1,0<\/td>\n<td>1000<\/td>\n<td>40\u00b0 x 100\u00b0<\/td>\n<td>CA11<\/td>\n<\/tr>\n<tr>\n<td height=\"20\">MXR-100\/30<\/td>\n<td>100<\/td>\n<td>10<\/td>\n<td>5,5<\/td>\n<td>1000<\/td>\n<td>40\u00b0<\/td>\n<td>CA11<\/td>\n<\/tr>\n<tr>\n<td height=\"20\">MXR-100HP\/20<\/td>\n<td>100<\/td>\n<td>10<\/td>\n<td>1,0<\/td>\n<td>1000<\/td>\n<td>40\u00b0<\/td>\n<td>CA11<\/td>\n<\/tr>\n<tr>\n<td height=\"20\">MXR-100HP\/20 FB<\/td>\n<td>100<\/td>\n<td>10<\/td>\n<td>1,0<\/td>\n<td>1000<\/td>\n<td>40\u00b0<\/td>\n<td>CA11<\/td>\n<\/tr>\n<tr>\n<td height=\"20\">MXR-160\/20<\/td>\n<td>160<\/td>\n<td>4<\/td>\n<td>1,0\/1,0<\/td>\n<td>640\/640<\/td>\n<td>40\u00b0<\/td>\n<td>R24<\/td>\n<\/tr>\n<tr>\n<td height=\"20\">MXR-160HP\/20<\/td>\n<td>160<\/td>\n<td>6,25<\/td>\n<td>1,0\/1,0<\/td>\n<td>1000\/1000<\/td>\n<td>40\u00b0<\/td>\n<td>R24<\/td>\n<\/tr>\n<tr>\n<td height=\"20\">MXR-160HP\/FB<\/td>\n<td>160<\/td>\n<td>6,25<\/td>\n<td>1,0<\/td>\n<td>1000<\/td>\n<td>60\u00b0 x 25\u00b0<\/td>\n<td>R24<\/td>\n<\/tr>\n<tr>\n<td height=\"20\">MXR-160HP\/11<\/td>\n<td>160<\/td>\n<td>11,25<\/td>\n<td>0,4\/1,0<\/td>\n<td>800\/1800<\/td>\n<td>40\u00b0 x 30\u00b0<\/td>\n<td>R24<\/td>\n<\/tr>\n<tr>\n<td height=\"20\">MXR-160\/21<\/td>\n<td>160<\/td>\n<td>10<\/td>\n<td>1,0\/3,0<\/td>\n<td>640\/1600<\/td>\n<td>40\u00b0<\/td>\n<td>R24<\/td>\n<\/tr>\n<tr>\n<td height=\"20\">MXR-160\/22<\/td>\n<td>160<\/td>\n<td>19<\/td>\n<td>1,0\/5,5<\/td>\n<td>640\/3000<\/td>\n<td>40\u00b0<\/td>\n<td>R24<\/td>\n<\/tr>\n<tr>\n<td height=\"20\">MXR-161<\/td>\n<td>160<\/td>\n<td>19<\/td>\n<td>7,5<\/td>\n<td>3000<\/td>\n<td>40\u00b0<\/td>\n<td>R24<\/td>\n<\/tr>\n<tr>\n<td height=\"20\">MXRP-160C<\/td>\n<td>160<\/td>\n<td>6,25<\/td>\n<td>0,4 x 4,0<\/td>\n<td>1000<\/td>\n<td>360\u00b0 x 40\u00b0<\/td>\n<td>R24<\/td>\n<\/tr>\n<tr>\n<td height=\"20\">MXR-165<\/td>\n<td>160<\/td>\n<td>37,5<\/td>\n<td>5,5<\/td>\n<td>6000<\/td>\n<td>45\u00b0<\/td>\n<td>R24<\/td>\n<\/tr>\n<tr>\n<td height=\"20\">MXR-225\/21<\/td>\n<td>225<\/td>\n<td>7,1<\/td>\n<td>1,0\/3,0<\/td>\n<td>640\/1600<\/td>\n<td>40\u00b0<\/td>\n<td>R24<\/td>\n<\/tr>\n<tr>\n<td height=\"20\">MXR-225\/22<\/td>\n<td>225<\/td>\n<td>13,3<\/td>\n<td>1,0\/5,5<\/td>\n<td>640\/3000<\/td>\n<td>40\u00b0<\/td>\n<td>R24<\/td>\n<\/tr>\n<tr>\n<td height=\"20\">MXR-225\/26<\/td>\n<td>225<\/td>\n<td>20<\/td>\n<td>1,2\/5,5<\/td>\n<td>600\/4500<\/td>\n<td>40\u00b0<\/td>\n<td>R24<\/td>\n<\/tr>\n<tr>\n<td height=\"20\">MXR-225HP\/11<\/td>\n<td>225<\/td>\n<td>8<\/td>\n<td>0,4\/1,0<\/td>\n<td>800\/1800<\/td>\n<td>40\u00b0 x 30\u00b0<\/td>\n<td>R24<\/td>\n<\/tr>\n<tr>\n<td height=\"20\">MXR-225HP\/11 FB<\/td>\n<td>225<\/td>\n<td>8<\/td>\n<td>0,4\/1,0<\/td>\n<td>800\/1800<\/td>\n<td>90\u00b0 x 25\u00b0<\/td>\n<td>R24<\/td>\n<\/tr>\n<tr>\n<td height=\"20\">MXR-226<\/td>\n<td>225<\/td>\n<td>13,3<\/td>\n<td>7,5<\/td>\n<td>3000<\/td>\n<td>40\u00b0<\/td>\n<td>R24<\/td>\n<\/tr>\n<tr>\n<td height=\"20\">MXR-320\/23<\/td>\n<td>320<\/td>\n<td>5<\/td>\n<td>1,9\/3,6<\/td>\n<td>640\/1600<\/td>\n<td>40\u00b0<\/td>\n<td>R24<\/td>\n<\/tr>\n<tr>\n<td height=\"20\">MXR-320\/26<\/td>\n<td>320<\/td>\n<td>13,1<\/td>\n<td>3,0\/5,5<\/td>\n<td>1500\/4200<\/td>\n<td>40\u00b0<\/td>\n<td>R24<\/td>\n<\/tr>\n<tr>\n<td height=\"20\">MXR-320\/23AX<\/td>\n<td>320<\/td>\n<td>5<\/td>\n<td>1,9\/3,6<\/td>\n<td>640\/1600<\/td>\n<td>40\u00b0<\/td>\n<td>R24<\/td>\n<\/tr>\n<tr>\n<td height=\"20\">MXR-320\/26AX<\/td>\n<td>320<\/td>\n<td>13,1<\/td>\n<td>3,0\/5,5<\/td>\n<td>1500\/4200<\/td>\n<td>40\u00b0<\/td>\n<td>R24<\/td>\n<\/tr>\n<tr>\n<td height=\"20\">MXR-320HP\/11<\/td>\n<td>320<\/td>\n<td>5,6<\/td>\n<td>0,4\/1,0<\/td>\n<td>800\/1800<\/td>\n<td>40\u00b0 x 30\u00b0<\/td>\n<td>R24<\/td>\n<\/tr>\n<tr>\n<td height=\"20\">MXR-320HP\/11AX<\/td>\n<td>320<\/td>\n<td>5,6<\/td>\n<td>0,4\/1,0<\/td>\n<td>800\/1800<\/td>\n<td>40\u00b0 x 30\u00b0<\/td>\n<td>R24<\/td>\n<\/tr>\n<tr>\n<td height=\"20\">MXR-320HP\/11 FB<\/td>\n<td>320<\/td>\n<td>5,6<\/td>\n<td>0,4\/1,0<\/td>\n<td>800\/1800<\/td>\n<td>80\u00b0 x 11\u00b0<\/td>\n<td>R24<\/td>\n<\/tr>\n<tr>\n<td height=\"20\">MXR-421\/26<\/td>\n<td>420<\/td>\n<td>10,7<\/td>\n<td>2,5\/5,5<\/td>\n<td>900\/4500<\/td>\n<td>40\u00b0<\/td>\n<td>R28<\/td>\n<\/tr>\n<tr>\n<td height=\"20\">MXR-451\/26<\/td>\n<td>450<\/td>\n<td>10<\/td>\n<td>2,5\/5,5<\/td>\n<td>900\/4500<\/td>\n<td>40\u00b0<\/td>\n<td>R28<\/td>\n<\/tr>\n<tr>\n<td height=\"20\">MXR-451HP\/11<\/td>\n<td>450<\/td>\n<td>3,3<\/td>\n<td>0,4\/1,0<\/td>\n<td>700\/1500<\/td>\n<td>40\u00b0 x 30\u00b0<\/td>\n<td>R28<\/td>\n<\/tr>\n<tr>\n<td height=\"20\">MXR-452\/Y<\/td>\n<td>450<\/td>\n<td>10<\/td>\n<td>2,5\/5,5<\/td>\n<td>900\/4500<\/td>\n<td>90\u00b0 x 20\u00b0<\/td>\n<td>R28<\/td>\n<\/tr>\n<tr>\n<td height=\"20\">MXR-601HP\/11<\/td>\n<td>600<\/td>\n<td>2,5<\/td>\n<td>0,7\/2,0<\/td>\n<td>700\/1500<\/td>\n<td>40\u00b0 x 30\u00b0<\/td>\n<td>R30<\/td>\n<\/tr>\n<tr>\n<td height=\"20\"><strong>THALES*<\/strong><\/td>\n<td><\/td>\n<td><\/td>\n<td><\/td>\n<td><\/td>\n<td><\/td>\n<td><\/td>\n<\/tr>\n<tr>\n<td height=\"20\">THX-160\/0510<\/td>\n<td>160<\/td>\n<td>5,6<\/td>\n<td>0,5\/1,0<\/td>\n<td>450\/900<\/td>\n<td>40\u00b0<\/td>\n<td>R24<\/td>\n<\/tr>\n<tr>\n<td height=\"20\">THX-160\/1010<\/td>\n<td>160<\/td>\n<td>5,6<\/td>\n<td>1,0\/1,0<\/td>\n<td>900\/900<\/td>\n<td>40\u00b0<\/td>\n<td>R24<\/td>\n<\/tr>\n<tr>\n<td height=\"20\">THX-160\/1030<\/td>\n<td>160<\/td>\n<td>15,6<\/td>\n<td>1,0\/3,0<\/td>\n<td>900\/2500<\/td>\n<td>40\u00b0<\/td>\n<td>R24<\/td>\n<\/tr>\n<tr>\n<td height=\"20\">THX-160\/1055<\/td>\n<td>160<\/td>\n<td>25<\/td>\n<td>1,0\/5,5<\/td>\n<td>900\/4000<\/td>\n<td>40\u00b0<\/td>\n<td>R24<\/td>\n<\/tr>\n<tr>\n<td height=\"20\">THX-160\/G<\/td>\n<td>160<\/td>\n<td>25<\/td>\n<td>5,5 x 8,5<\/td>\n<td>4000<\/td>\n<td>40\u00b0<\/td>\n<td>R24<\/td>\n<\/tr>\n<tr>\n<td height=\"20\">THX-225\/0510<\/td>\n<td>225<\/td>\n<td>4<\/td>\n<td>0,5\/1,0<\/td>\n<td>450\/900<\/td>\n<td>40\u00b0<\/td>\n<td>R24<\/td>\n<\/tr>\n<tr>\n<td height=\"20\">THX-225\/1030<\/td>\n<td>225<\/td>\n<td>11,1<\/td>\n<td>1,0\/3,0<\/td>\n<td>900\/2500<\/td>\n<td>40\u00b0<\/td>\n<td>R24<\/td>\n<\/tr>\n<tr>\n<td height=\"20\">THX-225\/1055<\/td>\n<td>225<\/td>\n<td>17,7<\/td>\n<td>1,0\/5,5<\/td>\n<td>900\/4000<\/td>\n<td>40\u00b0<\/td>\n<td>R24<\/td>\n<\/tr>\n<tr>\n<td height=\"20\">THX-225\/G<\/td>\n<td>225<\/td>\n<td>17,7<\/td>\n<td>5,5 x 8,5<\/td>\n<td>4000<\/td>\n<td>40\u00b0<\/td>\n<td>R24<\/td>\n<\/tr>\n<tr>\n<td height=\"20\">THX-225\/0410 HP<\/td>\n<td>225<\/td>\n<td>8<\/td>\n<td>0,4\/1,0<\/td>\n<td>800\/1800<\/td>\n<td>40\u00b0<\/td>\n<td>R24<\/td>\n<\/tr>\n<tr>\n<td width=\"91\" height=\"20\">THX-350\/2555<\/td>\n<td width=\"40\">350<\/td>\n<td width=\"44\">12,8<\/td>\n<td width=\"62\">2,5\/5,5<\/td>\n<td width=\"59\">1500\/4500<\/td>\n<td width=\"68\">40\u00b0<\/td>\n<td width=\"45\">R28<\/td>\n<\/tr>\n<tr>\n<td width=\"91\" height=\"20\">MB 350\/1 H450C<\/td>\n<td width=\"40\"><\/td>\n<td width=\"44\"><\/td>\n<td width=\"62\"><\/td>\n<td width=\"59\"><\/td>\n<td width=\"68\"><\/td>\n<td width=\"45\"><\/td>\n<\/tr>\n<tr>\n<td width=\"91\" height=\"20\">THX-350\/1035<\/td>\n<td width=\"40\">350<\/td>\n<td width=\"44\">6,4<\/td>\n<td width=\"62\">1,0\/3,5<\/td>\n<td width=\"59\">1000\/2250<\/td>\n<td width=\"68\">-10\/+20 x 40\u00b0<\/td>\n<td width=\"45\">R28<\/td>\n<\/tr>\n<tr>\n<td width=\"91\" height=\"20\">MB 350\/3 H450C<\/td>\n<td width=\"40\"><\/td>\n<td width=\"44\"><\/td>\n<td width=\"62\"><\/td>\n<td width=\"59\"><\/td>\n<td width=\"68\"><\/td>\n<td width=\"45\"><\/td>\n<\/tr>\n<tr>\n<td width=\"91\" height=\"20\">THX-420\/2555<\/td>\n<td width=\"40\">420<\/td>\n<td width=\"44\">10,7<\/td>\n<td width=\"62\">2,5\/5,5<\/td>\n<td width=\"59\">1500\/4500<\/td>\n<td width=\"68\">40\u00b0<\/td>\n<td width=\"45\">R28<\/td>\n<\/tr>\n<tr>\n<td width=\"91\" height=\"20\">MB 420\/1 H450C<\/td>\n<td width=\"40\"><\/td>\n<td width=\"44\"><\/td>\n<td width=\"62\"><\/td>\n<td width=\"59\"><\/td>\n<td width=\"68\"><\/td>\n<td width=\"45\"><\/td>\n<\/tr>\n<tr>\n<td width=\"91\" height=\"20\">THX-420\/1035<\/td>\n<td width=\"40\">420<\/td>\n<td width=\"44\">5,3<\/td>\n<td width=\"62\">1,0\/3,5<\/td>\n<td width=\"59\">1000\/2250<\/td>\n<td width=\"68\">-10\/+20 x 40\u00b0<\/td>\n<td width=\"45\">R28<\/td>\n<\/tr>\n<tr>\n<td width=\"91\" height=\"20\">MB 420\/3 H450C<\/td>\n<td width=\"40\"><\/td>\n<td width=\"44\"><\/td>\n<td width=\"62\"><\/td>\n<td width=\"59\"><\/td>\n<td width=\"68\"><\/td>\n<td width=\"45\"><\/td>\n<\/tr>\n<tr>\n<td width=\"91\" height=\"20\">THX-450\/2555<\/td>\n<td width=\"40\">450<\/td>\n<td width=\"44\">10<\/td>\n<td width=\"62\">2,5\/5,5<\/td>\n<td width=\"59\">1500\/4500<\/td>\n<td width=\"68\">40\u00b0<\/td>\n<td width=\"45\">R28<\/td>\n<\/tr>\n<tr>\n<td width=\"91\" height=\"20\">MB 450\/1 H450C<\/td>\n<td width=\"40\"><\/td>\n<td width=\"44\"><\/td>\n<td width=\"62\"><\/td>\n<td width=\"59\"><\/td>\n<td width=\"68\"><\/td>\n<td width=\"45\"><\/td>\n<\/tr>\n<tr>\n<td width=\"91\" height=\"20\">THX-450\/1035<\/td>\n<td width=\"40\">450<\/td>\n<td width=\"44\">5<\/td>\n<td width=\"62\">1,0\/3,5<\/td>\n<td width=\"59\">1000\/2250<\/td>\n<td width=\"68\">-10\/+20 x 40\u00b0<\/td>\n<td width=\"45\">R28<\/td>\n<\/tr>\n<tr>\n<td width=\"91\" height=\"20\">MB 450\/3 H450C<\/td>\n<td width=\"40\"><\/td>\n<td width=\"44\"><\/td>\n<td width=\"62\"><\/td>\n<td width=\"59\"><\/td>\n<td width=\"68\"><\/td>\n<td width=\"45\"><\/td>\n<\/tr>\n<tr>\n<td height=\"20\"><strong>VARIAN<\/strong><\/td>\n<td><\/td>\n<td><\/td>\n<td><\/td>\n<td><\/td>\n<td><\/td>\n<td><\/td>\n<\/tr>\n<tr>\n<td height=\"20\">NDI-160\/20<\/td>\n<td>160<\/td>\n<td>4<\/td>\n<td>1,0\/1,0<\/td>\n<td>640\/640<\/td>\n<td>40\u00b0<\/td>\n<td>R24<\/td>\n<\/tr>\n<tr>\n<td height=\"20\">NDI-160\/21<\/td>\n<td>160<\/td>\n<td>10<\/td>\n<td>1,0\/3,0<\/td>\n<td>640\/1600<\/td>\n<td>40\u00b0<\/td>\n<td>R24<\/td>\n<\/tr>\n<tr>\n<td height=\"20\">NDI-160\/22<\/td>\n<td>160<\/td>\n<td>19<\/td>\n<td>1,0\/5,5<\/td>\n<td>640\/3000<\/td>\n<td>40\u00b0<\/td>\n<td>R24<\/td>\n<\/tr>\n<tr>\n<td height=\"20\">NDI-161<\/td>\n<td>160<\/td>\n<td>19<\/td>\n<td>7,5<\/td>\n<td>3000<\/td>\n<td>40\u00b0<\/td>\n<td>R24<\/td>\n<\/tr>\n<tr>\n<td height=\"20\">HPC-160 FB<\/td>\n<td>160<\/td>\n<td>25<\/td>\n<td>5,5<\/td>\n<td>4000<\/td>\n<td>90\u00b0 x 15\u00b0<\/td>\n<td>R24<\/td>\n<\/tr>\n<tr>\n<td height=\"20\">HPX-160\/11<\/td>\n<td>160<\/td>\n<td>11,25<\/td>\n<td>0,4\/1,0<\/td>\n<td>800\/1800<\/td>\n<td>40\u00b0 x 30\u00b0<\/td>\n<td>R24<\/td>\n<\/tr>\n<tr>\n<td height=\"20\">HPX-160\/20<\/td>\n<td>160<\/td>\n<td>6,25<\/td>\n<td>1,0\/1,0<\/td>\n<td>1000\/1000<\/td>\n<td>40\u00b0<\/td>\n<td>R24<\/td>\n<\/tr>\n<tr>\n<td height=\"20\">NDI-225\/20<\/td>\n<td>225<\/td>\n<td>2,8<\/td>\n<td>1,0\/1,0<\/td>\n<td>640\/640<\/td>\n<td>40\u00b0<\/td>\n<td>R24<\/td>\n<\/tr>\n<tr>\n<td height=\"20\">NDI-225\/21<\/td>\n<td>225<\/td>\n<td>7,1<\/td>\n<td>1,0\/3,0<\/td>\n<td>640\/1600<\/td>\n<td>40\u00b0<\/td>\n<td>R24<\/td>\n<\/tr>\n<tr>\n<td height=\"20\">NDI-225\/22<\/td>\n<td>225<\/td>\n<td>13,3<\/td>\n<td>1,0\/5,5<\/td>\n<td>640\/3000<\/td>\n<td>40\u00b0<\/td>\n<td>R24<\/td>\n<\/tr>\n<tr>\n<td height=\"20\">NDI-226<\/td>\n<td>225<\/td>\n<td>13,3<\/td>\n<td>7,5<\/td>\n<td>3000<\/td>\n<td>40\u00b0<\/td>\n<td>R24<\/td>\n<\/tr>\n<tr>\n<td height=\"20\">NDI-225 FB<\/td>\n<td>225<\/td>\n<td>13,3<\/td>\n<td>5,5<\/td>\n<td>3000<\/td>\n<td>90\u00b0 x 30\u00b0<\/td>\n<td>R24<\/td>\n<\/tr>\n<tr>\n<td height=\"20\">HPC-225 FB<\/td>\n<td>225<\/td>\n<td>13,3<\/td>\n<td>3,9<\/td>\n<td>3000<\/td>\n<td>90\u00b0 x 30\u00b0<\/td>\n<td>R24<\/td>\n<\/tr>\n<tr>\n<td height=\"20\">HPX-225\/11<\/td>\n<td>225<\/td>\n<td>8<\/td>\n<td>0,4\/1,0<\/td>\n<td>800\/1800<\/td>\n<td>40\u00b0 x 30\u00b0<\/td>\n<td>R24<\/td>\n<\/tr>\n<tr>\n<td height=\"20\">HPX-225\/20<\/td>\n<td>225<\/td>\n<td>4,4<\/td>\n<td>1,0\/1,0<\/td>\n<td>1000\/1000<\/td>\n<td>40\u00b0<\/td>\n<td>R24<\/td>\n<\/tr>\n<tr>\n<td height=\"20\">NDI-320\/23<\/td>\n<td>320<\/td>\n<td>5<\/td>\n<td>1,9\/3,6<\/td>\n<td>640\/1600<\/td>\n<td>40\u00b0<\/td>\n<td>R24<\/td>\n<\/tr>\n<tr>\n<td height=\"20\">NDI-320\/26<\/td>\n<td>320<\/td>\n<td>13,1<\/td>\n<td>3,0\/5,5<\/td>\n<td>1500\/4200<\/td>\n<td>40\u00b0<\/td>\n<td>R24<\/td>\n<\/tr>\n<tr>\n<td height=\"20\">NDI-321<\/td>\n<td>320<\/td>\n<td>10<\/td>\n<td>8,0<\/td>\n<td>3200<\/td>\n<td>40\u00b0<\/td>\n<td>R24<\/td>\n<\/tr>\n<tr>\n<td height=\"20\">HPX-320\/11<\/td>\n<td>320<\/td>\n<td>5,6<\/td>\n<td>0,4\/1,0<\/td>\n<td>800\/1800<\/td>\n<td>30\u00b0 x 40\u00b0<\/td>\n<td>R24<\/td>\n<\/tr>\n<tr>\n<td height=\"20\">NDI-350\/23<\/td>\n<td>350<\/td>\n<td>4,5<\/td>\n<td>1,9\/3,6<\/td>\n<td>640\/1600<\/td>\n<td>40\u00b0<\/td>\n<td>R24<\/td>\n<\/tr>\n<tr>\n<td height=\"20\">NDI-350\/26<\/td>\n<td>350<\/td>\n<td>12<\/td>\n<td>3,0\/5,5<\/td>\n<td>1500\/4200<\/td>\n<td>40\u00b0<\/td>\n<td>R24<\/td>\n<\/tr>\n<tr>\n<td height=\"20\">NDI-451<\/td>\n<td>450<\/td>\n<td>10<\/td>\n<td>2,5\/5,5<\/td>\n<td>900\/4500<\/td>\n<td>40\u00b0<\/td>\n<td>R28<\/td>\n<\/tr>\n<tr>\n<td height=\"20\">NDI-452<\/td>\n<td>450<\/td>\n<td>10<\/td>\n<td>2,5\/5,5<\/td>\n<td>900\/4500<\/td>\n<td>90\u00b0 x 10\u00b0<\/td>\n<td>R28<\/td>\n<\/tr>\n<tr>\n<td height=\"20\">HPX-450\/11<\/td>\n<td>450<\/td>\n<td>3,3<\/td>\n<td>0,4\/1,0<\/td>\n<td>700\/1500<\/td>\n<td>30\u00b0 x 40\u00b0<\/td>\n<td>R28<\/td>\n<\/tr>\n<\/tbody>\n<\/table>\n<p><strong>\u00c4nderungen der technischen Daten und der Verf\u00fcgbarkeit sind herstellerseitig, auch ohne vorherige Ank\u00fcndigung, jederzeit vorbehalten.<\/strong> Im Bedarfsfall senden Sie uns bitte Ihre <a title=\"Kontakt\" href=\"https:\/\/www.it-service-leipzig.com\/?page_id=120\" target=\"_blank\" rel=\"noopener\">Anfrage<\/a> unter Nennung des gew\u00fcnschten R\u00f6hren-Typs. Die v. g. Liste erhebt keinen Anspruch auf Vollst\u00e4ndigkeit und zeigt nur eine \u00dcbersicht gebr\u00e4uchlicher Industrie-R\u00f6ntgenr\u00f6hren in Keramik- und Metallkeramik-Ausf\u00fchrung.<\/p>\n<p>*Die Firma Thales hat die Produktion von R\u00f6ntgenr\u00f6hren zum Jahreswechsel 2017\/2018 eingestellt.<\/p>\n","protected":false},"excerpt":{"rendered":"<p>R\u00f6hrentyp kV max mA max [gBf] BF EN12543 [mm] = D Watt [W] Ausstr.- winkel HS RTW MCD 100H-1 100 6,4 1,0 640 40\u00b0 R24 MCD 100H-3 100 15 3,0 1500 40\u00b0 R24 MCR 120A-2,5 120 3 2,5 360 40\u00b0 x 360\u00b0 R24 MCTS 130A-0,6 130 1,15 1,5 150 168\u00b0\u2026<\/p>\n<p class=\"continue-reading-button\"> <a class=\"continue-reading-link\" href=\"https:\/\/www.it-service-leipzig.com\/?page_id=1083\">Mehr lesen &#8230; Read more &#8230;<i class=\"crycon-right-dir\"><\/i><\/a><\/p>\n","protected":false},"author":1,"featured_media":0,"parent":138,"menu_order":0,"comment_status":"closed","ping_status":"closed","template":"","meta":[],"_links":{"self":[{"href":"https:\/\/www.it-service-leipzig.com\/index.php?rest_route=\/wp\/v2\/pages\/1083"}],"collection":[{"href":"https:\/\/www.it-service-leipzig.com\/index.php?rest_route=\/wp\/v2\/pages"}],"about":[{"href":"https:\/\/www.it-service-leipzig.com\/index.php?rest_route=\/wp\/v2\/types\/page"}],"author":[{"embeddable":true,"href":"https:\/\/www.it-service-leipzig.com\/index.php?rest_route=\/wp\/v2\/users\/1"}],"replies":[{"embeddable":true,"href":"https:\/\/www.it-service-leipzig.com\/index.php?rest_route=%2Fwp%2Fv2%2Fcomments&post=1083"}],"version-history":[{"count":7,"href":"https:\/\/www.it-service-leipzig.com\/index.php?rest_route=\/wp\/v2\/pages\/1083\/revisions"}],"predecessor-version":[{"id":2290,"href":"https:\/\/www.it-service-leipzig.com\/index.php?rest_route=\/wp\/v2\/pages\/1083\/revisions\/2290"}],"up":[{"embeddable":true,"href":"https:\/\/www.it-service-leipzig.com\/index.php?rest_route=\/wp\/v2\/pages\/138"}],"wp:attachment":[{"href":"https:\/\/www.it-service-leipzig.com\/index.php?rest_route=%2Fwp%2Fv2%2Fmedia&parent=1083"}],"curies":[{"name":"wp","href":"https:\/\/api.w.org\/{rel}","templated":true}]}}